{"id":1613,"date":"2025-11-28T19:20:12","date_gmt":"2025-11-28T19:20:12","guid":{"rendered":"https:\/\/www.avaratmi.fi\/?page_id=1613"},"modified":"2025-12-01T18:03:31","modified_gmt":"2025-12-01T18:03:31","slug":"lapsiperheiden-kotipalvelu","status":"publish","type":"page","link":"https:\/\/www.avaratmi.fi\/index.php\/lapsiperheiden-kotipalvelu\/","title":{"rendered":"Lapsiperheiden kotipalvelu"},"content":{"rendered":"\t\t<div data-elementor-type=\"wp-page\" data-elementor-id=\"1613\" class=\"elementor elementor-1613\">\n\t\t\t\t<div class=\"elementor-element elementor-element-ff4570e e-flex e-con-boxed e-con e-parent\" data-id=\"ff4570e\" data-element_type=\"container\" data-e-type=\"container\">\n\t\t\t\t\t<div class=\"e-con-inner\">\n\t\t<div class=\"elementor-element elementor-element-d403658 e-con-full e-flex e-con e-child\" data-id=\"d403658\" data-element_type=\"container\" data-e-type=\"container\">\n\t\t\t\t<div class=\"elementor-element elementor-element-b651557 elementor-widget elementor-widget-image\" data-id=\"b651557\" data-element_type=\"widget\" data-e-type=\"widget\" data-widget_type=\"image.default\">\n\t\t\t\t<div class=\"elementor-widget-container\">\n\t\t\t\t\t\t\t\t\t\t\t\t\t\t\t<img fetchpriority=\"high\" decoding=\"async\" width=\"800\" height=\"800\" src=\"https:\/\/www.avaratmi.fi\/wp-content\/uploads\/2025\/11\/ihmiselta-ihmiselle-1024x1024.png\" class=\"attachment-large size-large wp-image-1609\" alt=\"\" srcset=\"https:\/\/www.avaratmi.fi\/wp-content\/uploads\/2025\/11\/ihmiselta-ihmiselle-1024x1024.png 1024w, https:\/\/www.avaratmi.fi\/wp-content\/uploads\/2025\/11\/ihmiselta-ihmiselle-300x300.png 300w, https:\/\/www.avaratmi.fi\/wp-content\/uploads\/2025\/11\/ihmiselta-ihmiselle-150x150.png 150w, https:\/\/www.avaratmi.fi\/wp-content\/uploads\/2025\/11\/ihmiselta-ihmiselle-768x768.png 768w, https:\/\/www.avaratmi.fi\/wp-content\/uploads\/2025\/11\/ihmiselta-ihmiselle.png 1080w\" sizes=\"(max-width: 800px) 100vw, 800px\" \/>\t\t\t\t\t\t\t\t\t\t\t\t\t\t\t<\/div>\n\t\t\t\t<\/div>\n\t\t\t\t<\/div>\n\t\t<div class=\"elementor-element elementor-element-66a7594 e-con-full e-flex e-con e-child\" data-id=\"66a7594\" data-element_type=\"container\" data-e-type=\"container\">\n\t\t\t\t<div class=\"elementor-element elementor-element-81bc00c elementor-widget elementor-widget-text-editor\" data-id=\"81bc00c\" data-element_type=\"widget\" data-e-type=\"widget\" data-widget_type=\"text-editor.default\">\n\t\t\t\t<div class=\"elementor-widget-container\">\n\t\t\t\t\t\t\t\t\t<h2><strong>Lapsiperheiden kotipalvelu tukee arjen sujuvuutta ja lasten hyvinvointia perheess\u00e4<\/strong><\/h2><p>Lapsiperheiden kotipalvelu on tarkoitettu tukemaan perheit\u00e4 erilaisissa el\u00e4m\u00e4ntilanteissa, jolloin arki tuntuu kuormittavalta, tai kotona tarvittaisiin lis\u00e4apua helpottamaan jaksamista. Palvelu tarjoaa k\u00e4yt\u00e4nn\u00f6nl\u00e4heist\u00e4, perheen tarpeisiin joustavasti mukautuvaa tukea, jotta arki pysyy sujuvana ja lasten hyvinvointi varmistuu.<\/p><h4>\u00a0<\/h4><h4><strong>Kenelle lapsiperheiden kotipalvelu sopii?<\/strong><\/h4><p>Lapsiperheiden kotipalvelu on tarkoitettu perheille, jotka kaipaavat tilap\u00e4ist\u00e4 tai s\u00e4\u00e4nn\u00f6llist\u00e4 tukea esimerkiksi:<\/p><ul><li>Arjen askareissa ja kotit\u00f6iss\u00e4<\/li><li>Lastenhoidossa ja p\u00e4ivitt\u00e4isiss\u00e4 rutiineissa<\/li><li>Arjen organisoinnissa ja rytmitt\u00e4misess\u00e4<\/li><li>Vanhemmuuden tukena erityisesti kuormittavissa vaiheissa<\/li><li>Asiointik\u00e4ynneill\u00e4, kuten kaupassa tai viranomaisasioissa<\/li><li>Perheen jaksamisen vahvistamisessa ja stressin kevent\u00e4misess\u00e4<br \/><br \/><\/li><\/ul><div>Palvelu sopii esimerkiksi perheille, joissa on pieni\u00e4 lapsia, monikkolapsia, erityist\u00e4 tukea tarvitsevia lapsia, sairautta tai uupumusta, kriisin tai trauman kohdatessa, tai kun perheen voimavarat ovat muuten tilap\u00e4isesti heikentyneet.<\/div><div>\u00a0<\/div><h4><strong>Mit\u00e4 lapsiperheiden kotipalvelu sis\u00e4lt\u00e4\u00e4?<\/strong><\/h4><p>Lapsiperheiden kotipalvelun sis\u00e4lt\u00f6 suunnitellaan aina yhdess\u00e4 perheen kanssa perheen tarpeisiin sopivaksi. Palvelu voi sis\u00e4lt\u00e4\u00e4 esimerkiksi:<\/p><ul><li>Apua kodin ja arjen askareissa<\/li><li>Lasten hoidossa ja rutiineissa tukemista<\/li><li>Ruokahuollon ja kotit\u00f6iden kevent\u00e4mist\u00e4<\/li><li>Asiointiapua ja ulkoiluseuraa lapsille<\/li><li>Keskusteluapua ja vanhemmuuden tukea<\/li><li>Arjen sujumisen ja voimavarojen lis\u00e4\u00e4miseen t\u00e4ht\u00e4\u00e4v\u00e4\u00e4 ohjausta<br \/><br \/><\/li><\/ul><h4><strong>Lapsiperheen kotipalvelun tavoitteet<\/strong><\/h4><p>Lapsiperheiden kotipalvelun t\u00e4rkeimp\u00e4n\u00e4 tavoittena on tukea hyvinvointia perheess\u00e4, tehd\u00e4 arjesta toimivampaa ja varmistaa turvallinen, rauhallinen ja kannustava ymp\u00e4rist\u00f6 lapsille. Kun perheen voimavarat vahvistuvat, ja perheell\u00e4 on ty\u00f6kaluja toimivampaan arkeen, my\u00f6s lasten turvallisuuden tunne, kehitys ja arjen tasapainon l\u00f6yt\u00e4minen helpottuvat.<\/p><p>Lapsiperheen kotipalvelu tukee perheit\u00e4 omassa kodissaan \u2013 siell\u00e4 miss\u00e4 arki lasten kanssa oikeasti tapahtuu.<\/p><h4><em><strong>Tehd\u00e4\u00e4n yhdess\u00e4 perheenne arjesta sujuvampaa ja turvallisempaa. Ota yhteytt\u00e4 ja kysy lis\u00e4\u00e4!<\/strong><\/em><\/h4>\t\t\t\t\t\t\t\t<\/div>\n\t\t\t\t<\/div>\n\t\t\t\t<\/div>\n\t\t\t\t\t<\/div>\n\t\t\t\t<\/div>\n\t\t<div class=\"elementor-element elementor-element-06fc5bb e-flex e-con-boxed e-con e-parent\" data-id=\"06fc5bb\" data-element_type=\"container\" data-e-type=\"container\">\n\t\t\t\t\t<div class=\"e-con-inner\">\n\t\t<div class=\"elementor-element elementor-element-170b3c0 e-con-full e-flex e-con e-child\" data-id=\"170b3c0\" data-element_type=\"container\" data-e-type=\"container\">\n\t\t\t\t<div class=\"elementor-element elementor-element-ce3786f elementor-widget elementor-widget-image\" data-id=\"ce3786f\" data-element_type=\"widget\" data-e-type=\"widget\" data-widget_type=\"image.default\">\n\t\t\t\t<div class=\"elementor-widget-container\">\n\t\t\t\t\t\t\t\t\t\t\t\t\t\t\t<img decoding=\"async\" width=\"800\" height=\"457\" src=\"https:\/\/www.avaratmi.fi\/wp-content\/uploads\/2025\/11\/avara_kayntikortti-1024x585.png\" class=\"attachment-large size-large wp-image-1668\" alt=\"\" srcset=\"https:\/\/www.avaratmi.fi\/wp-content\/uploads\/2025\/11\/avara_kayntikortti-1024x585.png 1024w, https:\/\/www.avaratmi.fi\/wp-content\/uploads\/2025\/11\/avara_kayntikortti-300x171.png 300w, https:\/\/www.avaratmi.fi\/wp-content\/uploads\/2025\/11\/avara_kayntikortti-768x439.png 768w, https:\/\/www.avaratmi.fi\/wp-content\/uploads\/2025\/11\/avara_kayntikortti.png 1050w\" sizes=\"(max-width: 800px) 100vw, 800px\" \/>\t\t\t\t\t\t\t\t\t\t\t\t\t\t\t<\/div>\n\t\t\t\t<\/div>\n\t\t\t\t<\/div>\n\t\t<div class=\"elementor-element elementor-element-3bffa91 e-con-full e-flex e-con e-child\" data-id=\"3bffa91\" data-element_type=\"container\" data-e-type=\"container\">\n\t\t\t\t<div class=\"elementor-element elementor-element-50ed139 elementor-widget elementor-widget-wpforms\" data-id=\"50ed139\" data-element_type=\"widget\" data-e-type=\"widget\" data-widget_type=\"wpforms.default\">\n\t\t\t\t<div class=\"elementor-widget-container\">\n\t\t\t\t\t<div class=\"wpforms-container \" id=\"wpforms-12\"><form id=\"wpforms-form-12\" class=\"wpforms-validate wpforms-form\" data-formid=\"12\" method=\"post\" enctype=\"multipart\/form-data\" action=\"\/index.php\/wp-json\/wp\/v2\/pages\/1613\" data-token=\"34199925235a560af7d866ab0e09b4b3\" data-token-time=\"1777138510\"><noscript class=\"wpforms-error-noscript\">Please enable JavaScript in your browser to complete this form.<\/noscript><div class=\"wpforms-field-container\"><div id=\"wpforms-12-field_5-container\" class=\"wpforms-field wpforms-field-name\" data-field-id=\"5\"><label class=\"wpforms-field-label\" for=\"wpforms-12-field_5\">Nimi <span class=\"wpforms-required-label\">*<\/span><\/label><input type=\"text\" id=\"wpforms-12-field_5\" class=\"wpforms-field-medium wpforms-field-required\" name=\"wpforms[fields][5]\" required><\/div><div id=\"wpforms-12-field_4-container\" class=\"wpforms-field wpforms-field-email\" data-field-id=\"4\"><label class=\"wpforms-field-label\" for=\"wpforms-12-field_4\">S\u00e4hk\u00f6posti <span class=\"wpforms-required-label\">*<\/span><\/label><input type=\"email\" id=\"wpforms-12-field_4\" class=\"wpforms-field-large wpforms-field-required\" name=\"wpforms[fields][4]\" spellcheck=\"false\" required><\/div><div id=\"wpforms-12-field_2-container\" class=\"wpforms-field wpforms-field-textarea\" data-field-id=\"2\"><label class=\"wpforms-field-label\" for=\"wpforms-12-field_2\">Viesti <span class=\"wpforms-required-label\">*<\/span><\/label><textarea id=\"wpforms-12-field_2\" class=\"wpforms-field-small wpforms-field-required\" name=\"wpforms[fields][2]\" required><\/textarea><\/div><\/div><!-- .wpforms-field-container --><div class=\"wpforms-recaptcha-container wpforms-is-recaptcha wpforms-is-recaptcha-type-v2\" ><div class=\"g-recaptcha\" data-sitekey=\"6Lfj4JoqAAAAAG2upywSKmNpkCfmmYhBUjhcPm4k\"><\/div><input type=\"text\" name=\"g-recaptcha-hidden\" class=\"wpforms-recaptcha-hidden\" style=\"position:absolute!important;clip:rect(0,0,0,0)!important;height:1px!important;width:1px!important;border:0!important;overflow:hidden!important;padding:0!important;margin:0!important;\" data-rule-recaptcha=\"1\"><\/div><div class=\"wpforms-submit-container\" ><input type=\"hidden\" name=\"wpforms[id]\" value=\"12\"><input type=\"hidden\" name=\"page_title\" value=\"\"><input type=\"hidden\" name=\"page_url\" value=\"https:\/\/www.avaratmi.fi\/index.php\/wp-json\/wp\/v2\/pages\/1613\"><input type=\"hidden\" name=\"url_referer\" value=\"\"><button type=\"submit\" name=\"wpforms[submit]\" id=\"wpforms-submit-12\" class=\"wpforms-submit\" data-alt-text=\"L\u00e4hetet\u00e4\u00e4n...\" data-submit-text=\"L\u00e4het\u00e4 viesti\" aria-live=\"assertive\" value=\"wpforms-submit\">L\u00e4het\u00e4 viesti<\/button><\/div><\/form><\/div>  <!-- .wpforms-container -->\t\t\t\t<\/div>\n\t\t\t\t<\/div>\n\t\t\t\t<\/div>\n\t\t\t\t\t<\/div>\n\t\t\t\t<\/div>\n\t\t<div class=\"elementor-element elementor-element-67727d3 e-flex e-con-boxed e-con e-parent\" data-id=\"67727d3\" data-element_type=\"container\" data-e-type=\"container\">\n\t\t\t\t\t<div class=\"e-con-inner\">\n\t\t\t\t<div class=\"elementor-element elementor-element-95140dd elementor-widget elementor-widget-spacer\" data-id=\"95140dd\" data-element_type=\"widget\" data-e-type=\"widget\" data-widget_type=\"spacer.default\">\n\t\t\t\t<div class=\"elementor-widget-container\">\n\t\t\t\t\t\t\t<div class=\"elementor-spacer\">\n\t\t\t<div class=\"elementor-spacer-inner\"><\/div>\n\t\t<\/div>\n\t\t\t\t\t\t<\/div>\n\t\t\t\t<\/div>\n\t\t\t\t\t<\/div>\n\t\t\t\t<\/div>\n\t\t<div class=\"elementor-element elementor-element-d66d769 e-flex e-con-boxed e-con e-parent\" data-id=\"d66d769\" data-element_type=\"container\" data-e-type=\"container\">\n\t\t\t\t\t<div class=\"e-con-inner\">\n\t\t\t\t<div class=\"elementor-element elementor-element-c46c17f elementor-widget elementor-widget-text-editor\" data-id=\"c46c17f\" data-element_type=\"widget\" data-e-type=\"widget\" data-widget_type=\"text-editor.default\">\n\t\t\t\t<div class=\"elementor-widget-container\">\n\t\t\t\t\t\t\t\t\t\u00a9 Avara Tukipalvelut Tmi 2026. Y-tunnus: 3347749-7. Kaikki oikeudet pid\u00e4tet\u00e4\u00e4n. Sivuston teki <a href=\"https:\/\/www.gritngems.com\" target=\"_blank\" rel=\"noopener\">Grit n Gems<\/a>.\t\t\t\t\t\t\t\t<\/div>\n\t\t\t\t<\/div>\n\t\t\t\t\t<\/div>\n\t\t\t\t<\/div>\n\t\t\t\t<\/div>\n\t\t","protected":false},"excerpt":{"rendered":"<p>Lapsiperheiden kotipalvelu tukee arjen sujuvuutta ja lasten hyvinvointia perheess\u00e4 Lapsiperheiden kotipalvelu on tarkoitettu tukemaan perheit\u00e4 erilaisissa el\u00e4m\u00e4ntilanteissa, jolloin arki tuntuu kuormittavalta, tai kotona tarvittaisiin lis\u00e4apua helpottamaan jaksamista. Palvelu tarjoaa k\u00e4yt\u00e4nn\u00f6nl\u00e4heist\u00e4, perheen tarpeisiin joustavasti mukautuvaa tukea, jotta arki pysyy sujuvana ja lasten hyvinvointi varmistuu. \u00a0 Kenelle lapsiperheiden kotipalvelu sopii? Lapsiperheiden kotipalvelu on tarkoitettu perheille, jotka kaipaavat [&hellip;]<\/p>\n","protected":false},"author":1,"featured_media":0,"parent":0,"menu_order":0,"comment_status":"closed","ping_status":"closed","template":"","meta":{"footnotes":""},"class_list":["post-1613","page","type-page","status-publish","hentry"],"_links":{"self":[{"href":"https:\/\/www.avaratmi.fi\/index.php\/wp-json\/wp\/v2\/pages\/1613","targetHints":{"allow":["GET"]}}],"collection":[{"href":"https:\/\/www.avaratmi.fi\/index.php\/wp-json\/wp\/v2\/pages"}],"about":[{"href":"https:\/\/www.avaratmi.fi\/index.php\/wp-json\/wp\/v2\/types\/page"}],"author":[{"embeddable":true,"href":"https:\/\/www.avaratmi.fi\/index.php\/wp-json\/wp\/v2\/users\/1"}],"replies":[{"embeddable":true,"href":"https:\/\/www.avaratmi.fi\/index.php\/wp-json\/wp\/v2\/comments?post=1613"}],"version-history":[{"count":13,"href":"https:\/\/www.avaratmi.fi\/index.php\/wp-json\/wp\/v2\/pages\/1613\/revisions"}],"predecessor-version":[{"id":1765,"href":"https:\/\/www.avaratmi.fi\/index.php\/wp-json\/wp\/v2\/pages\/1613\/revisions\/1765"}],"wp:attachment":[{"href":"https:\/\/www.avaratmi.fi\/index.php\/wp-json\/wp\/v2\/media?parent=1613"}],"curies":[{"name":"wp","href":"https:\/\/api.w.org\/{rel}","templated":true}]}}