{"id":1293,"date":"2024-12-22T11:59:50","date_gmt":"2024-12-22T11:59:50","guid":{"rendered":"https:\/\/www.avaratmi.fi\/?page_id=1293"},"modified":"2025-12-01T18:00:43","modified_gmt":"2025-12-01T18:00:43","slug":"tukihenkilopalvelu","status":"publish","type":"page","link":"https:\/\/www.avaratmi.fi\/index.php\/tukihenkilopalvelu\/","title":{"rendered":"Tukihenkil\u00f6palvelu"},"content":{"rendered":"\t\t<div data-elementor-type=\"wp-page\" data-elementor-id=\"1293\" class=\"elementor elementor-1293\">\n\t\t\t\t<div class=\"elementor-element elementor-element-44c047c e-flex e-con-boxed e-con e-parent\" data-id=\"44c047c\" data-element_type=\"container\" data-e-type=\"container\">\n\t\t\t\t\t<div class=\"e-con-inner\">\n\t\t<div class=\"elementor-element elementor-element-e025d91 e-con-full e-flex e-con e-child\" data-id=\"e025d91\" data-element_type=\"container\" data-e-type=\"container\">\n\t\t\t\t<div class=\"elementor-element elementor-element-a39854e elementor-widget elementor-widget-image\" data-id=\"a39854e\" data-element_type=\"widget\" data-e-type=\"widget\" data-widget_type=\"image.default\">\n\t\t\t\t<div class=\"elementor-widget-container\">\n\t\t\t\t\t\t\t\t\t\t\t\t\t\t\t<img fetchpriority=\"high\" decoding=\"async\" width=\"800\" height=\"800\" src=\"https:\/\/www.avaratmi.fi\/wp-content\/uploads\/2024\/12\/tukihenkilopalvelu-min-1024x1024.png\" class=\"attachment-large size-large wp-image-1339\" alt=\"\" srcset=\"https:\/\/www.avaratmi.fi\/wp-content\/uploads\/2024\/12\/tukihenkilopalvelu-min-1024x1024.png 1024w, https:\/\/www.avaratmi.fi\/wp-content\/uploads\/2024\/12\/tukihenkilopalvelu-min-300x300.png 300w, https:\/\/www.avaratmi.fi\/wp-content\/uploads\/2024\/12\/tukihenkilopalvelu-min-150x150.png 150w, https:\/\/www.avaratmi.fi\/wp-content\/uploads\/2024\/12\/tukihenkilopalvelu-min-768x768.png 768w, https:\/\/www.avaratmi.fi\/wp-content\/uploads\/2024\/12\/tukihenkilopalvelu-min.png 1080w\" sizes=\"(max-width: 800px) 100vw, 800px\" \/>\t\t\t\t\t\t\t\t\t\t\t\t\t\t\t<\/div>\n\t\t\t\t<\/div>\n\t\t\t\t<\/div>\n\t\t<div class=\"elementor-element elementor-element-0b11152 e-con-full e-flex e-con e-child\" data-id=\"0b11152\" data-element_type=\"container\" data-e-type=\"container\">\n\t\t\t\t<div class=\"elementor-element elementor-element-9f0afc7 elementor-widget elementor-widget-text-editor\" data-id=\"9f0afc7\" data-element_type=\"widget\" data-e-type=\"widget\" data-widget_type=\"text-editor.default\">\n\t\t\t\t<div class=\"elementor-widget-container\">\n\t\t\t\t\t\t\t\t\t<h2><b>Tukihenkil\u00f6palveluilla ohjausta ja tukea toimivaan arkeen<\/b><\/h2>\n<p>Tukihenkil\u00f6palvelut tarjoavat yksil\u00f6llist\u00e4 tukea ja apua el\u00e4m\u00e4nhallintaan asiakkaille, jotka tarvitsevat arjessaan ohjausta esimerkiksi toimintakyvyn rajoitteiden, haastavan el\u00e4m\u00e4ntilanteen tai itsen\u00e4istymisen tueksi. L\u00e4ht\u00f6kohtana on asiakkaan tarpeiden kuuleminen ja ymm\u00e4rt\u00e4minen, yksil\u00f6llisen tuen tarjoaminen sek\u00e4 luottamuksellinen asiakassuhde. Tarjoamme sek\u00e4 perustason ett\u00e4 vaativan erityistason ammatillisia tukihenkil\u00f6palveluita.<\/p>\n<h4><strong><br>Kenelle tukihenkil\u00f6palvelut sopivat?<\/strong><\/h4>\n<p>Tukihenkil\u00f6palvelut ovat joustava ratkaisu kaikenik\u00e4isille, arkeensa tukea kaipaaville asiakkaille, kuten:<\/p>\n<ul>\n<li>Neuropsykiatrisia erityispiirteit\u00e4 omaaville asiakkaille, kuten ADHD:n tai autismin kanssa el\u00e4v\u00e4t asiakkaat, jotka hy\u00f6tyv\u00e4t rakenteellisesta arjesta ja ohjauksesta<\/li>\n<li>Mielenterveys- ja p\u00e4ihdekuntoutujia, jotka tarvitsevat tukea kuntoutumiseen, el\u00e4m\u00e4nhallintaan ja sosiaalisiin taitoihin<\/li>\n<li>Maahanmuuttajataustaisia henkil\u00f6it\u00e4, jotka kaipaavat tukea integroitumiseen, suomalaisten palveluj\u00e4rjestelmien hy\u00f6dynt\u00e4miseen ja arkiel\u00e4m\u00e4n taitoihin Suomessa<\/li>\n<li>Nuoria, jotka harjoittelevat itsen\u00e4istymist\u00e4 ja kaipaavat tukea arjen rutiineissa, vastuunkannossa ja tulevaisuuden rakentamisessa<\/li>\n<\/ul>\n<h4><strong><br>Mit\u00e4 tukihenkil\u00f6palvelut sis\u00e4lt\u00e4v\u00e4t?<\/strong><\/h4>\n<p>Tukihenkil\u00f6palvelut sis\u00e4lt\u00e4v\u00e4t paljon erilaisia toimintoja, jotka mahdollistavat asiakkaalle mahdollisimman itsen\u00e4isen ja turvallisen el\u00e4m\u00e4n sek\u00e4 toimivan arjen. Palveluihimme voi kuulua esimerkiksi:<\/p>\n<ul>\n<li>Itsetunnon ja itsen\u00e4istymisen tukeminen<\/li>\n<li>Arjessa tarvittavien taitojen tukemista, kuten kodinhoidon, ruokailun ja taloudenhallinnan opastusta<\/li>\n<li>El\u00e4m\u00e4nhallinnan ja harrastusten tukeminen<\/li>\n<li>Henkist\u00e4 tukea haastavissa el\u00e4m\u00e4ntilanteissa, kuuntelemista ja rohkaisua<\/li>\n<li>Laitossijoituksia ennaltaehk\u00e4isev\u00e4\u00e4 ty\u00f6t\u00e4<\/li>\n<li>Sosiaalisia taitoja vahvistavaa ja yll\u00e4pit\u00e4v\u00e4\u00e4 toimintaa, kuten tukea harrastusten ja yst\u00e4vien tai muiden sosiaalisten verkostojen l\u00f6yt\u00e4miseen<\/li>\n<li>Tukea viranomaisasioiden hoitamiseen kuten palveluiden piiriin hakeutumiseen ja paperiasioiden hoitamiseen<\/li>\n<li>Koulunk\u00e4ynnin, opiskelun sek\u00e4 ammatinvalinnan ja ty\u00f6nhaun tukeminen<\/li>\n<li>Yksil\u00f6llisten tavoitteiden asettamista ja tukemista itsen\u00e4isyyden lis\u00e4\u00e4miseksi ja el\u00e4m\u00e4nlaadun parantamiseksi<\/li>\n<\/ul>\n<h4><strong><br>Mik\u00e4 tukihenkil\u00f6palveluiden tavoitteena on?<\/strong><\/h4>\n<p>Palvelumme tavoitteena on auttaa asiakasta saavuttamaan tasapainoinen arki, kehitt\u00e4\u00e4 ja yll\u00e4pit\u00e4\u00e4 itsen\u00e4isyytt\u00e4 asiakkaan arjessa ja tarjota h\u00e4nelle henkist\u00e4 tukea el\u00e4m\u00e4n haasteissa.<\/p>\n<p>Tavoitteiden suunnittelu alkaa aina asiakkaan yksil\u00f6llisist\u00e4 tarpeista ja toiveista. Teemme tiivist\u00e4 yhteisty\u00f6t\u00e4 my\u00f6s asiakkaan l\u00e4heisi\u00e4 sek\u00e4 tarvittaessa muita ammattilaisia kuullen, jotta voimme edist\u00e4\u00e4 asiakkaan el\u00e4m\u00e4nlaatua ja hyvinvointia parhaalla mahdollisella tavalla.<\/p>\n<p>Pyrimme aina tukemaan ja edist\u00e4m\u00e4\u00e4n asiakkaidemme hyvinvointia, toimintakyky\u00e4 ja toimivaa arkea siten, ett\u00e4 heid\u00e4n tarpeensa tulevat kuulluksi ja ymm\u00e4rretyksi.<\/p>\n<h4><strong><em>Ota yhteytt\u00e4, ja suunnitellaan yhdess\u00e4 sinulle toimiva arki!<\/em><\/strong><\/h4>\t\t\t\t\t\t\t\t<\/div>\n\t\t\t\t<\/div>\n\t\t\t\t<\/div>\n\t\t\t\t\t<\/div>\n\t\t\t\t<\/div>\n\t\t<div class=\"elementor-element elementor-element-56f4a0f e-flex e-con-boxed e-con e-parent\" data-id=\"56f4a0f\" data-element_type=\"container\" data-e-type=\"container\">\n\t\t\t\t\t<div class=\"e-con-inner\">\n\t\t<div class=\"elementor-element elementor-element-f3f84bb e-con-full e-flex e-con e-child\" data-id=\"f3f84bb\" data-element_type=\"container\" data-e-type=\"container\">\n\t\t\t\t<div class=\"elementor-element elementor-element-d809f72 elementor-widget elementor-widget-image\" data-id=\"d809f72\" data-element_type=\"widget\" data-e-type=\"widget\" data-widget_type=\"image.default\">\n\t\t\t\t<div class=\"elementor-widget-container\">\n\t\t\t\t\t\t\t\t\t\t\t\t\t\t\t<img decoding=\"async\" width=\"800\" height=\"457\" src=\"https:\/\/www.avaratmi.fi\/wp-content\/uploads\/2025\/11\/avara_kayntikortti-1024x585.png\" class=\"attachment-large size-large wp-image-1668\" alt=\"\" srcset=\"https:\/\/www.avaratmi.fi\/wp-content\/uploads\/2025\/11\/avara_kayntikortti-1024x585.png 1024w, https:\/\/www.avaratmi.fi\/wp-content\/uploads\/2025\/11\/avara_kayntikortti-300x171.png 300w, https:\/\/www.avaratmi.fi\/wp-content\/uploads\/2025\/11\/avara_kayntikortti-768x439.png 768w, https:\/\/www.avaratmi.fi\/wp-content\/uploads\/2025\/11\/avara_kayntikortti.png 1050w\" sizes=\"(max-width: 800px) 100vw, 800px\" \/>\t\t\t\t\t\t\t\t\t\t\t\t\t\t\t<\/div>\n\t\t\t\t<\/div>\n\t\t\t\t<\/div>\n\t\t<div class=\"elementor-element elementor-element-2035a33 e-con-full e-flex e-con e-child\" data-id=\"2035a33\" data-element_type=\"container\" data-e-type=\"container\">\n\t\t\t\t<div class=\"elementor-element elementor-element-11e9874 elementor-widget elementor-widget-wpforms\" data-id=\"11e9874\" data-element_type=\"widget\" data-e-type=\"widget\" data-widget_type=\"wpforms.default\">\n\t\t\t\t<div class=\"elementor-widget-container\">\n\t\t\t\t\t<div class=\"wpforms-container \" id=\"wpforms-12\"><form id=\"wpforms-form-12\" class=\"wpforms-validate wpforms-form\" data-formid=\"12\" method=\"post\" enctype=\"multipart\/form-data\" action=\"\/index.php\/wp-json\/wp\/v2\/pages\/1293\" data-token=\"34199925235a560af7d866ab0e09b4b3\" data-token-time=\"1777138510\"><noscript class=\"wpforms-error-noscript\">Please enable JavaScript in your browser to complete this form.<\/noscript><div class=\"wpforms-field-container\"><div id=\"wpforms-12-field_5-container\" class=\"wpforms-field wpforms-field-name\" data-field-id=\"5\"><label class=\"wpforms-field-label\" for=\"wpforms-12-field_5\">Nimi <span class=\"wpforms-required-label\">*<\/span><\/label><input type=\"text\" id=\"wpforms-12-field_5\" class=\"wpforms-field-medium wpforms-field-required\" name=\"wpforms[fields][5]\" required><\/div><div id=\"wpforms-12-field_4-container\" class=\"wpforms-field wpforms-field-email\" data-field-id=\"4\"><label class=\"wpforms-field-label\" for=\"wpforms-12-field_4\">S\u00e4hk\u00f6posti <span class=\"wpforms-required-label\">*<\/span><\/label><input type=\"email\" id=\"wpforms-12-field_4\" class=\"wpforms-field-large wpforms-field-required\" name=\"wpforms[fields][4]\" spellcheck=\"false\" required><\/div><div id=\"wpforms-12-field_2-container\" class=\"wpforms-field wpforms-field-textarea\" data-field-id=\"2\"><label class=\"wpforms-field-label\" for=\"wpforms-12-field_2\">Viesti <span class=\"wpforms-required-label\">*<\/span><\/label><textarea id=\"wpforms-12-field_2\" class=\"wpforms-field-small wpforms-field-required\" name=\"wpforms[fields][2]\" required><\/textarea><\/div><\/div><!-- .wpforms-field-container --><div class=\"wpforms-recaptcha-container wpforms-is-recaptcha wpforms-is-recaptcha-type-v2\" ><div class=\"g-recaptcha\" data-sitekey=\"6Lfj4JoqAAAAAG2upywSKmNpkCfmmYhBUjhcPm4k\"><\/div><input type=\"text\" name=\"g-recaptcha-hidden\" class=\"wpforms-recaptcha-hidden\" style=\"position:absolute!important;clip:rect(0,0,0,0)!important;height:1px!important;width:1px!important;border:0!important;overflow:hidden!important;padding:0!important;margin:0!important;\" data-rule-recaptcha=\"1\"><\/div><div class=\"wpforms-submit-container\" ><input type=\"hidden\" name=\"wpforms[id]\" value=\"12\"><input type=\"hidden\" name=\"page_title\" value=\"\"><input type=\"hidden\" name=\"page_url\" value=\"https:\/\/www.avaratmi.fi\/index.php\/wp-json\/wp\/v2\/pages\/1293\"><input type=\"hidden\" name=\"url_referer\" value=\"\"><button type=\"submit\" name=\"wpforms[submit]\" id=\"wpforms-submit-12\" class=\"wpforms-submit\" data-alt-text=\"L\u00e4hetet\u00e4\u00e4n...\" data-submit-text=\"L\u00e4het\u00e4 viesti\" aria-live=\"assertive\" value=\"wpforms-submit\">L\u00e4het\u00e4 viesti<\/button><\/div><\/form><\/div>  <!-- .wpforms-container -->\t\t\t\t<\/div>\n\t\t\t\t<\/div>\n\t\t\t\t<\/div>\n\t\t\t\t\t<\/div>\n\t\t\t\t<\/div>\n\t\t<div class=\"elementor-element elementor-element-4f90c52 e-flex e-con-boxed e-con e-parent\" data-id=\"4f90c52\" data-element_type=\"container\" data-e-type=\"container\">\n\t\t\t\t\t<div class=\"e-con-inner\">\n\t\t\t\t<div class=\"elementor-element elementor-element-39cf333 elementor-widget elementor-widget-spacer\" data-id=\"39cf333\" data-element_type=\"widget\" data-e-type=\"widget\" data-widget_type=\"spacer.default\">\n\t\t\t\t<div class=\"elementor-widget-container\">\n\t\t\t\t\t\t\t<div class=\"elementor-spacer\">\n\t\t\t<div class=\"elementor-spacer-inner\"><\/div>\n\t\t<\/div>\n\t\t\t\t\t\t<\/div>\n\t\t\t\t<\/div>\n\t\t\t\t\t<\/div>\n\t\t\t\t<\/div>\n\t\t<div class=\"elementor-element elementor-element-268a55a e-flex e-con-boxed e-con e-parent\" data-id=\"268a55a\" data-element_type=\"container\" data-e-type=\"container\">\n\t\t\t\t\t<div class=\"e-con-inner\">\n\t\t\t\t<div class=\"elementor-element elementor-element-3290272 elementor-widget elementor-widget-text-editor\" data-id=\"3290272\" data-element_type=\"widget\" data-e-type=\"widget\" data-widget_type=\"text-editor.default\">\n\t\t\t\t<div class=\"elementor-widget-container\">\n\t\t\t\t\t\t\t\t\t<p>\u00a9 Avara Tukipalvelut Tmi 2026. Y-tunnus: 3347749-7. Kaikki oikeudet pid\u00e4tet\u00e4\u00e4n. Sivuston teki <a href=\"https:\/\/www.gritngems.com\" target=\"_blank\" rel=\"noopener\">Grit n Gems<\/a>.<\/p>\t\t\t\t\t\t\t\t<\/div>\n\t\t\t\t<\/div>\n\t\t\t\t\t<\/div>\n\t\t\t\t<\/div>\n\t\t\t\t<\/div>\n\t\t","protected":false},"excerpt":{"rendered":"<p>Tukihenkil\u00f6palveluilla ohjausta ja tukea toimivaan arkeen Tukihenkil\u00f6palvelut tarjoavat yksil\u00f6llist\u00e4 tukea ja apua el\u00e4m\u00e4nhallintaan asiakkaille, jotka tarvitsevat arjessaan ohjausta esimerkiksi toimintakyvyn rajoitteiden, haastavan el\u00e4m\u00e4ntilanteen tai itsen\u00e4istymisen tueksi. L\u00e4ht\u00f6kohtana on asiakkaan tarpeiden kuuleminen ja ymm\u00e4rt\u00e4minen, yksil\u00f6llisen tuen tarjoaminen sek\u00e4 luottamuksellinen asiakassuhde. Tarjoamme sek\u00e4 perustason ett\u00e4 vaativan erityistason ammatillisia tukihenkil\u00f6palveluita. Kenelle tukihenkil\u00f6palvelut sopivat? Tukihenkil\u00f6palvelut ovat joustava ratkaisu kaikenik\u00e4isille, [&hellip;]<\/p>\n","protected":false},"author":1,"featured_media":0,"parent":0,"menu_order":0,"comment_status":"closed","ping_status":"closed","template":"","meta":{"footnotes":""},"class_list":["post-1293","page","type-page","status-publish","hentry"],"_links":{"self":[{"href":"https:\/\/www.avaratmi.fi\/index.php\/wp-json\/wp\/v2\/pages\/1293","targetHints":{"allow":["GET"]}}],"collection":[{"href":"https:\/\/www.avaratmi.fi\/index.php\/wp-json\/wp\/v2\/pages"}],"about":[{"href":"https:\/\/www.avaratmi.fi\/index.php\/wp-json\/wp\/v2\/types\/page"}],"author":[{"embeddable":true,"href":"https:\/\/www.avaratmi.fi\/index.php\/wp-json\/wp\/v2\/users\/1"}],"replies":[{"embeddable":true,"href":"https:\/\/www.avaratmi.fi\/index.php\/wp-json\/wp\/v2\/comments?post=1293"}],"version-history":[{"count":25,"href":"https:\/\/www.avaratmi.fi\/index.php\/wp-json\/wp\/v2\/pages\/1293\/revisions"}],"predecessor-version":[{"id":1747,"href":"https:\/\/www.avaratmi.fi\/index.php\/wp-json\/wp\/v2\/pages\/1293\/revisions\/1747"}],"wp:attachment":[{"href":"https:\/\/www.avaratmi.fi\/index.php\/wp-json\/wp\/v2\/media?parent=1293"}],"curies":[{"name":"wp","href":"https:\/\/api.w.org\/{rel}","templated":true}]}}