{"id":1200,"date":"2024-12-13T17:36:49","date_gmt":"2024-12-13T17:36:49","guid":{"rendered":"https:\/\/www.avaratmi.fi\/?page_id=1200"},"modified":"2025-12-01T18:03:50","modified_gmt":"2025-12-01T18:03:50","slug":"henkilokohtainen-avustus","status":"publish","type":"page","link":"https:\/\/www.avaratmi.fi\/index.php\/henkilokohtainen-avustus\/","title":{"rendered":"Henkil\u00f6kohtainen avustus"},"content":{"rendered":"\t\t<div data-elementor-type=\"wp-page\" data-elementor-id=\"1200\" class=\"elementor elementor-1200\">\n\t\t\t\t<div class=\"elementor-element elementor-element-2ff2188 e-flex e-con-boxed e-con e-parent\" data-id=\"2ff2188\" data-element_type=\"container\" data-e-type=\"container\">\n\t\t\t\t\t<div class=\"e-con-inner\">\n\t\t<div class=\"elementor-element elementor-element-72056e3 e-con-full e-flex e-con e-child\" data-id=\"72056e3\" data-element_type=\"container\" data-e-type=\"container\">\n\t\t\t\t<div class=\"elementor-element elementor-element-8ff3858 elementor-widget elementor-widget-image\" data-id=\"8ff3858\" data-element_type=\"widget\" data-e-type=\"widget\" data-widget_type=\"image.default\">\n\t\t\t\t<div class=\"elementor-widget-container\">\n\t\t\t\t\t\t\t\t\t\t\t\t\t\t\t<img fetchpriority=\"high\" decoding=\"async\" width=\"800\" height=\"800\" src=\"https:\/\/www.avaratmi.fi\/wp-content\/uploads\/2024\/12\/hlokohtainenavustaja-min-1024x1024.png\" class=\"attachment-large size-large wp-image-1322\" alt=\"\" srcset=\"https:\/\/www.avaratmi.fi\/wp-content\/uploads\/2024\/12\/hlokohtainenavustaja-min-1024x1024.png 1024w, https:\/\/www.avaratmi.fi\/wp-content\/uploads\/2024\/12\/hlokohtainenavustaja-min-300x300.png 300w, https:\/\/www.avaratmi.fi\/wp-content\/uploads\/2024\/12\/hlokohtainenavustaja-min-150x150.png 150w, https:\/\/www.avaratmi.fi\/wp-content\/uploads\/2024\/12\/hlokohtainenavustaja-min-768x768.png 768w, https:\/\/www.avaratmi.fi\/wp-content\/uploads\/2024\/12\/hlokohtainenavustaja-min.png 1080w\" sizes=\"(max-width: 800px) 100vw, 800px\" \/>\t\t\t\t\t\t\t\t\t\t\t\t\t\t\t<\/div>\n\t\t\t\t<\/div>\n\t\t\t\t<\/div>\n\t\t<div class=\"elementor-element elementor-element-e36da4e e-con-full e-flex e-con e-child\" data-id=\"e36da4e\" data-element_type=\"container\" data-e-type=\"container\">\n\t\t\t\t<div class=\"elementor-element elementor-element-a36d77a elementor-widget elementor-widget-text-editor\" data-id=\"a36d77a\" data-element_type=\"widget\" data-e-type=\"widget\" data-widget_type=\"text-editor.default\">\n\t\t\t\t<div class=\"elementor-widget-container\">\n\t\t\t\t\t\t\t\t\t<h2><b>Henkil\u00f6kohtainen avustus <\/b><b>tukee itsen\u00e4ist\u00e4 el\u00e4m\u00e4\u00e4<\/b><\/h2><p>Henkil\u00f6kohtainen avustus on palvelu, joka auttaa asiakkaita selviytym\u00e4\u00e4n arjessa mahdollistaen itsen\u00e4isen el\u00e4m\u00e4n. Palvelu keskittyy asiakkaan el\u00e4m\u00e4nlaadun ja itsen\u00e4isyyden tukemiseen, ja se suunnitellaan yksil\u00f6llisesti asiakkaan tarpeet huomioiden.<\/p><h4><strong>Kenelle henkil\u00f6kohtainen avustus sopii?<\/strong><\/h4><p>Henkil\u00f6kohtaisen avustuksen palveluita voidaan tarvita monesta syyst\u00e4, kuten kehitysvamman tai muun fyysisen tai henkisen rajoitteen vuoksi. Avustusta tarvitaan, jos asiakas tarvitsee apua esimerkiksi:<\/p><ul><li>P\u00e4ivitt\u00e4isess\u00e4 el\u00e4m\u00e4ss\u00e4 kuten ruokailussa tai liikkumisessa<\/li><li>Kodin askareissa ja arjen rutiineissa<\/li><li>Ty\u00f6ss\u00e4, opiskelussa tai harrastuksissa<\/li><li>Sosiaalisen el\u00e4m\u00e4n yll\u00e4pit\u00e4misess\u00e4<\/li><li>Asioiden hoitamisessa<\/li><\/ul><h4>\u00a0<\/h4><h4><strong>Mit\u00e4 henkil\u00f6kohtainen avustus sis\u00e4lt\u00e4\u00e4?<\/strong><\/h4><p>Palvelu mukautetaan t\u00e4ysin avustettavan yksil\u00f6llisiin tarpeisiin, mutta se voi pit\u00e4\u00e4 sis\u00e4ll\u00e4\u00e4n:<\/p><ul><li>K\u00e4yt\u00e4nn\u00f6n apua p\u00e4ivitt\u00e4isiss\u00e4 toimissa kuten pukeutumisessa, ruokailussa ja henkil\u00f6kohtaisen hygienian yll\u00e4pit\u00e4misess\u00e4<\/li><li>Seuraa ja tukea sosiaaliseen el\u00e4m\u00e4\u00e4n, kuten avustusta harrastuksissa<\/li><li>Tukea t\u00f6ihin tai opiskeluun, asiointiin ja liikkumiseen<\/li><\/ul><h4>\u00a0<\/h4><h4><strong>Henkil\u00f6kohtaisen avustuksen tavoitteet<\/strong><\/h4><p>Henkil\u00f6kohtainen avustus tukee asiakkaan itsen\u00e4isyytt\u00e4 ja el\u00e4m\u00e4nhallintaa. Palvelu auttaa luomaan asiakkaalle mahdollisimman turvallisen, sujuvan arjen ja omann\u00e4k\u00f6isen el\u00e4m\u00e4n.<\/p><p>Yhdess\u00e4 voimme rakentaa arjesta sujuvaa ja itsen\u00e4ist\u00e4.<\/p><h4>\u00a0<\/h4><h4><strong><em>Ota yhteytt\u00e4 ja kysy lis\u00e4\u00e4 henkil\u00f6kohtaisen avustuksen palvelustamme!<\/em><\/strong><\/h4>\t\t\t\t\t\t\t\t<\/div>\n\t\t\t\t<\/div>\n\t\t\t\t<\/div>\n\t\t\t\t\t<\/div>\n\t\t\t\t<\/div>\n\t\t<div class=\"elementor-element elementor-element-0f1189a e-flex e-con-boxed e-con e-parent\" data-id=\"0f1189a\" data-element_type=\"container\" data-e-type=\"container\">\n\t\t\t\t\t<div class=\"e-con-inner\">\n\t\t<div class=\"elementor-element elementor-element-13a96c4 e-con-full e-flex e-con e-child\" data-id=\"13a96c4\" data-element_type=\"container\" data-e-type=\"container\">\n\t\t\t\t<div class=\"elementor-element elementor-element-0c3d009 elementor-widget elementor-widget-image\" data-id=\"0c3d009\" data-element_type=\"widget\" data-e-type=\"widget\" data-widget_type=\"image.default\">\n\t\t\t\t<div class=\"elementor-widget-container\">\n\t\t\t\t\t\t\t\t\t\t\t\t\t\t\t<img decoding=\"async\" width=\"800\" height=\"457\" src=\"https:\/\/www.avaratmi.fi\/wp-content\/uploads\/2025\/11\/avara_kayntikortti-1024x585.png\" class=\"attachment-large size-large wp-image-1668\" alt=\"\" srcset=\"https:\/\/www.avaratmi.fi\/wp-content\/uploads\/2025\/11\/avara_kayntikortti-1024x585.png 1024w, https:\/\/www.avaratmi.fi\/wp-content\/uploads\/2025\/11\/avara_kayntikortti-300x171.png 300w, https:\/\/www.avaratmi.fi\/wp-content\/uploads\/2025\/11\/avara_kayntikortti-768x439.png 768w, https:\/\/www.avaratmi.fi\/wp-content\/uploads\/2025\/11\/avara_kayntikortti.png 1050w\" sizes=\"(max-width: 800px) 100vw, 800px\" \/>\t\t\t\t\t\t\t\t\t\t\t\t\t\t\t<\/div>\n\t\t\t\t<\/div>\n\t\t\t\t<\/div>\n\t\t<div class=\"elementor-element elementor-element-efc67b8 e-con-full e-flex e-con e-child\" data-id=\"efc67b8\" data-element_type=\"container\" data-e-type=\"container\">\n\t\t\t\t<div class=\"elementor-element elementor-element-115fd70 elementor-widget elementor-widget-wpforms\" data-id=\"115fd70\" data-element_type=\"widget\" data-e-type=\"widget\" data-widget_type=\"wpforms.default\">\n\t\t\t\t<div class=\"elementor-widget-container\">\n\t\t\t\t\t<div class=\"wpforms-container \" id=\"wpforms-12\"><form id=\"wpforms-form-12\" class=\"wpforms-validate wpforms-form\" data-formid=\"12\" method=\"post\" enctype=\"multipart\/form-data\" action=\"\/index.php\/wp-json\/wp\/v2\/pages\/1200\" data-token=\"34199925235a560af7d866ab0e09b4b3\" data-token-time=\"1777138506\"><noscript class=\"wpforms-error-noscript\">Please enable JavaScript in your browser to complete this form.<\/noscript><div class=\"wpforms-field-container\"><div id=\"wpforms-12-field_5-container\" class=\"wpforms-field wpforms-field-name\" data-field-id=\"5\"><label class=\"wpforms-field-label\" for=\"wpforms-12-field_5\">Nimi <span class=\"wpforms-required-label\">*<\/span><\/label><input type=\"text\" id=\"wpforms-12-field_5\" class=\"wpforms-field-medium wpforms-field-required\" name=\"wpforms[fields][5]\" required><\/div><div id=\"wpforms-12-field_4-container\" class=\"wpforms-field wpforms-field-email\" data-field-id=\"4\"><label class=\"wpforms-field-label\" for=\"wpforms-12-field_4\">S\u00e4hk\u00f6posti <span class=\"wpforms-required-label\">*<\/span><\/label><input type=\"email\" id=\"wpforms-12-field_4\" class=\"wpforms-field-large wpforms-field-required\" name=\"wpforms[fields][4]\" spellcheck=\"false\" required><\/div><div id=\"wpforms-12-field_2-container\" class=\"wpforms-field wpforms-field-textarea\" data-field-id=\"2\"><label class=\"wpforms-field-label\" for=\"wpforms-12-field_2\">Viesti <span class=\"wpforms-required-label\">*<\/span><\/label><textarea id=\"wpforms-12-field_2\" class=\"wpforms-field-small wpforms-field-required\" name=\"wpforms[fields][2]\" required><\/textarea><\/div><\/div><!-- .wpforms-field-container --><div class=\"wpforms-recaptcha-container wpforms-is-recaptcha wpforms-is-recaptcha-type-v2\" ><div class=\"g-recaptcha\" data-sitekey=\"6Lfj4JoqAAAAAG2upywSKmNpkCfmmYhBUjhcPm4k\"><\/div><input type=\"text\" name=\"g-recaptcha-hidden\" class=\"wpforms-recaptcha-hidden\" style=\"position:absolute!important;clip:rect(0,0,0,0)!important;height:1px!important;width:1px!important;border:0!important;overflow:hidden!important;padding:0!important;margin:0!important;\" data-rule-recaptcha=\"1\"><\/div><div class=\"wpforms-submit-container\" ><input type=\"hidden\" name=\"wpforms[id]\" value=\"12\"><input type=\"hidden\" name=\"page_title\" value=\"\"><input type=\"hidden\" name=\"page_url\" value=\"https:\/\/www.avaratmi.fi\/index.php\/wp-json\/wp\/v2\/pages\/1200\"><input type=\"hidden\" name=\"url_referer\" value=\"\"><button type=\"submit\" name=\"wpforms[submit]\" id=\"wpforms-submit-12\" class=\"wpforms-submit\" data-alt-text=\"L\u00e4hetet\u00e4\u00e4n...\" data-submit-text=\"L\u00e4het\u00e4 viesti\" aria-live=\"assertive\" value=\"wpforms-submit\">L\u00e4het\u00e4 viesti<\/button><\/div><\/form><\/div>  <!-- .wpforms-container -->\t\t\t\t<\/div>\n\t\t\t\t<\/div>\n\t\t\t\t<\/div>\n\t\t\t\t\t<\/div>\n\t\t\t\t<\/div>\n\t\t<div class=\"elementor-element elementor-element-b3a49a8 e-flex e-con-boxed e-con e-parent\" data-id=\"b3a49a8\" data-element_type=\"container\" data-e-type=\"container\">\n\t\t\t\t\t<div class=\"e-con-inner\">\n\t\t\t\t<div class=\"elementor-element elementor-element-25f2aee elementor-widget elementor-widget-spacer\" data-id=\"25f2aee\" data-element_type=\"widget\" data-e-type=\"widget\" data-widget_type=\"spacer.default\">\n\t\t\t\t<div class=\"elementor-widget-container\">\n\t\t\t\t\t\t\t<div class=\"elementor-spacer\">\n\t\t\t<div class=\"elementor-spacer-inner\"><\/div>\n\t\t<\/div>\n\t\t\t\t\t\t<\/div>\n\t\t\t\t<\/div>\n\t\t\t\t\t<\/div>\n\t\t\t\t<\/div>\n\t\t<div class=\"elementor-element elementor-element-d02e79f e-flex e-con-boxed e-con e-parent\" data-id=\"d02e79f\" data-element_type=\"container\" data-e-type=\"container\">\n\t\t\t\t\t<div class=\"e-con-inner\">\n\t\t\t\t<div class=\"elementor-element elementor-element-f42a4df elementor-widget elementor-widget-text-editor\" data-id=\"f42a4df\" data-element_type=\"widget\" data-e-type=\"widget\" data-widget_type=\"text-editor.default\">\n\t\t\t\t<div class=\"elementor-widget-container\">\n\t\t\t\t\t\t\t\t\t\u00a9 Avara Tukipalvelut Tmi 2026. Y-tunnus: 3347749-7. Kaikki oikeudet pid\u00e4tet\u00e4\u00e4n. Sivuston teki <a href=\"https:\/\/www.gritngems.com\" target=\"_blank\" rel=\"noopener\">Grit n Gems<\/a>.\t\t\t\t\t\t\t\t<\/div>\n\t\t\t\t<\/div>\n\t\t\t\t\t<\/div>\n\t\t\t\t<\/div>\n\t\t\t\t<\/div>\n\t\t","protected":false},"excerpt":{"rendered":"<p>Henkil\u00f6kohtainen avustus tukee itsen\u00e4ist\u00e4 el\u00e4m\u00e4\u00e4 Henkil\u00f6kohtainen avustus on palvelu, joka auttaa asiakkaita selviytym\u00e4\u00e4n arjessa mahdollistaen itsen\u00e4isen el\u00e4m\u00e4n. Palvelu keskittyy asiakkaan el\u00e4m\u00e4nlaadun ja itsen\u00e4isyyden tukemiseen, ja se suunnitellaan yksil\u00f6llisesti asiakkaan tarpeet huomioiden. Kenelle henkil\u00f6kohtainen avustus sopii? Henkil\u00f6kohtaisen avustuksen palveluita voidaan tarvita monesta syyst\u00e4, kuten kehitysvamman tai muun fyysisen tai henkisen rajoitteen vuoksi. Avustusta tarvitaan, jos asiakas [&hellip;]<\/p>\n","protected":false},"author":1,"featured_media":0,"parent":0,"menu_order":0,"comment_status":"closed","ping_status":"closed","template":"","meta":{"footnotes":""},"class_list":["post-1200","page","type-page","status-publish","hentry"],"_links":{"self":[{"href":"https:\/\/www.avaratmi.fi\/index.php\/wp-json\/wp\/v2\/pages\/1200","targetHints":{"allow":["GET"]}}],"collection":[{"href":"https:\/\/www.avaratmi.fi\/index.php\/wp-json\/wp\/v2\/pages"}],"about":[{"href":"https:\/\/www.avaratmi.fi\/index.php\/wp-json\/wp\/v2\/types\/page"}],"author":[{"embeddable":true,"href":"https:\/\/www.avaratmi.fi\/index.php\/wp-json\/wp\/v2\/users\/1"}],"replies":[{"embeddable":true,"href":"https:\/\/www.avaratmi.fi\/index.php\/wp-json\/wp\/v2\/comments?post=1200"}],"version-history":[{"count":25,"href":"https:\/\/www.avaratmi.fi\/index.php\/wp-json\/wp\/v2\/pages\/1200\/revisions"}],"predecessor-version":[{"id":1768,"href":"https:\/\/www.avaratmi.fi\/index.php\/wp-json\/wp\/v2\/pages\/1200\/revisions\/1768"}],"wp:attachment":[{"href":"https:\/\/www.avaratmi.fi\/index.php\/wp-json\/wp\/v2\/media?parent=1200"}],"curies":[{"name":"wp","href":"https:\/\/api.w.org\/{rel}","templated":true}]}}