{"id":1195,"date":"2024-12-13T17:35:40","date_gmt":"2024-12-13T17:35:40","guid":{"rendered":"https:\/\/www.avaratmi.fi\/?page_id=1195"},"modified":"2025-12-01T18:04:23","modified_gmt":"2025-12-01T18:04:23","slug":"sosiaaliohjaus","status":"publish","type":"page","link":"https:\/\/www.avaratmi.fi\/index.php\/sosiaaliohjaus\/","title":{"rendered":"Sosiaaliohjaus"},"content":{"rendered":"\t\t<div data-elementor-type=\"wp-page\" data-elementor-id=\"1195\" class=\"elementor elementor-1195\">\n\t\t\t\t<div class=\"elementor-element elementor-element-e1ceeb9 e-flex e-con-boxed e-con e-parent\" data-id=\"e1ceeb9\" data-element_type=\"container\" data-e-type=\"container\">\n\t\t\t\t\t<div class=\"e-con-inner\">\n\t\t<div class=\"elementor-element elementor-element-280c027 e-con-full e-flex e-con e-child\" data-id=\"280c027\" data-element_type=\"container\" data-e-type=\"container\">\n\t\t\t\t<div class=\"elementor-element elementor-element-d881f66 elementor-widget elementor-widget-image\" data-id=\"d881f66\" data-element_type=\"widget\" data-e-type=\"widget\" data-widget_type=\"image.default\">\n\t\t\t\t<div class=\"elementor-widget-container\">\n\t\t\t\t\t\t\t\t\t\t\t\t\t\t\t<img fetchpriority=\"high\" decoding=\"async\" width=\"800\" height=\"800\" src=\"https:\/\/www.avaratmi.fi\/wp-content\/uploads\/2024\/12\/sosiaaliohjaus-min-1024x1024.png\" class=\"attachment-large size-large wp-image-1326\" alt=\"\" srcset=\"https:\/\/www.avaratmi.fi\/wp-content\/uploads\/2024\/12\/sosiaaliohjaus-min-1024x1024.png 1024w, https:\/\/www.avaratmi.fi\/wp-content\/uploads\/2024\/12\/sosiaaliohjaus-min-300x300.png 300w, https:\/\/www.avaratmi.fi\/wp-content\/uploads\/2024\/12\/sosiaaliohjaus-min-150x150.png 150w, https:\/\/www.avaratmi.fi\/wp-content\/uploads\/2024\/12\/sosiaaliohjaus-min-768x768.png 768w, https:\/\/www.avaratmi.fi\/wp-content\/uploads\/2024\/12\/sosiaaliohjaus-min.png 1080w\" sizes=\"(max-width: 800px) 100vw, 800px\" \/>\t\t\t\t\t\t\t\t\t\t\t\t\t\t\t<\/div>\n\t\t\t\t<\/div>\n\t\t\t\t<\/div>\n\t\t<div class=\"elementor-element elementor-element-6ac2f4b e-con-full e-flex e-con e-child\" data-id=\"6ac2f4b\" data-element_type=\"container\" data-e-type=\"container\">\n\t\t\t\t<div class=\"elementor-element elementor-element-ae2afe9 elementor-widget elementor-widget-text-editor\" data-id=\"ae2afe9\" data-element_type=\"widget\" data-e-type=\"widget\" data-widget_type=\"text-editor.default\">\n\t\t\t\t<div class=\"elementor-widget-container\">\n\t\t\t\t\t\t\t\t\t<h2><b>Sosiaaliohjauksella tukea ja hyvinvointia arkeen<\/b><\/h2><p>Sosiaaliohjauksen avulla on mahdollista luoda tavoitteellista ja yksil\u00f6llist\u00e4 tukea erilaisiin el\u00e4m\u00e4ntilanteisiin. Arjen haasteiden helpottaminen, voimavarojen vahvistaminen ja el\u00e4m\u00e4nhallinnan tukeminen toimii t\u00e4rke\u00e4n\u00e4 sillanrakentajana asiakkaan ja h\u00e4nen tarvitsemansa tuen v\u00e4lill\u00e4.<\/p><p>\u00a0<\/p><h4><strong>Kenelle sosiaaliohjaus sopii?<\/strong><\/h4><p>Sosiaaliohjaus sopii kaikille, jotka tarvitsevat tukea esimerkiksi:<\/p><ul><li>Arjen sujuvuuteen kuten asumiseen, talouteen tai sosiaalisiin taitoihin<\/li><li>Palveluiden ja tukien hakemiseen ja hy\u00f6dynt\u00e4miseen<\/li><li>El\u00e4m\u00e4nmuutoksiin sopeutumiseen tai kriiseist\u00e4 palautumiseen<\/li><li>Sosiaalisten verkostojen rakentamiseen ja yll\u00e4pit\u00e4miseen<\/li><\/ul><p>\u00a0<\/p><h4><strong>Mit\u00e4 sosiaaliohjaus sis\u00e4lt\u00e4\u00e4?<\/strong><\/h4><p>Sosiaaliohjauksen sis\u00e4lt\u00f6 ja tavoitteet suunnitellaan aina yksil\u00f6llisesti asiakkaan tarpeen mukaan. Se voi kuitenkin sis\u00e4lt\u00e4\u00e4 esimerkiksi:<\/p><ul><li>Ohjausta ja neuvontaa palveluiden piiriin hakeutumisessa<\/li><li>Yhteisty\u00f6t\u00e4 viranomaisten ja muiden tahojen kanssa asiakkaan tilanteen edist\u00e4miseksi<\/li><li>Tukea arkeen ja el\u00e4m\u00e4nhallintaan<\/li><li>Kuuntelua ja rinnalla kulkemista haastavissa tilanteissa ja el\u00e4m\u00e4nmuutoksissa<\/li><\/ul><p>\u00a0<\/p><h4><strong>Sosiaaliohjauksen tavoitteet<\/strong><\/h4><p>P\u00e4\u00e4tavoite sosiaaliohjauksessa on aina asiakkaan arjen sujuvuuden tukeminen sek\u00e4 h\u00e4nen el\u00e4m\u00e4nlaatunsa ja hyvinvointinsa kohtentaminen. Palvelu auttaa asiakasta l\u00f6yt\u00e4m\u00e4\u00e4n voimavarojaan, ratkaisemaan ongelmiaan ja edist\u00e4m\u00e4\u00e4n itsen\u00e4isess\u00e4 el\u00e4m\u00e4ss\u00e4 selviytymist\u00e4.<\/p><p>Sosiaaliohjaus keskittyy erityisesti asiakkaan omien taitojen ja resurssien vahvistamiseen, jotta h\u00e4n kykenisi jatkossa hallitsemaan arkea ja el\u00e4m\u00e4\u00e4ns\u00e4 mahdollisimman itsen\u00e4isesti.<\/p><p>\u00a0<\/p><h4><em><strong>Rakennetaan yhdess\u00e4 toimivampi arki ja parempi huominen!<\/strong><\/em><\/h4>\t\t\t\t\t\t\t\t<\/div>\n\t\t\t\t<\/div>\n\t\t\t\t<\/div>\n\t\t\t\t\t<\/div>\n\t\t\t\t<\/div>\n\t\t<div class=\"elementor-element elementor-element-3906e97 e-flex e-con-boxed e-con e-parent\" data-id=\"3906e97\" data-element_type=\"container\" data-e-type=\"container\">\n\t\t\t\t\t<div class=\"e-con-inner\">\n\t\t<div class=\"elementor-element elementor-element-a720f4a e-con-full e-flex e-con e-child\" data-id=\"a720f4a\" data-element_type=\"container\" data-e-type=\"container\">\n\t\t\t\t<div class=\"elementor-element elementor-element-4bd7b93 elementor-widget elementor-widget-image\" data-id=\"4bd7b93\" data-element_type=\"widget\" data-e-type=\"widget\" data-widget_type=\"image.default\">\n\t\t\t\t<div class=\"elementor-widget-container\">\n\t\t\t\t\t\t\t\t\t\t\t\t\t\t\t<img decoding=\"async\" width=\"800\" height=\"457\" src=\"https:\/\/www.avaratmi.fi\/wp-content\/uploads\/2025\/11\/avara_kayntikortti-1024x585.png\" class=\"attachment-large size-large wp-image-1668\" alt=\"\" srcset=\"https:\/\/www.avaratmi.fi\/wp-content\/uploads\/2025\/11\/avara_kayntikortti-1024x585.png 1024w, https:\/\/www.avaratmi.fi\/wp-content\/uploads\/2025\/11\/avara_kayntikortti-300x171.png 300w, https:\/\/www.avaratmi.fi\/wp-content\/uploads\/2025\/11\/avara_kayntikortti-768x439.png 768w, https:\/\/www.avaratmi.fi\/wp-content\/uploads\/2025\/11\/avara_kayntikortti.png 1050w\" sizes=\"(max-width: 800px) 100vw, 800px\" \/>\t\t\t\t\t\t\t\t\t\t\t\t\t\t\t<\/div>\n\t\t\t\t<\/div>\n\t\t\t\t<\/div>\n\t\t<div class=\"elementor-element elementor-element-306da81 e-con-full e-flex e-con e-child\" data-id=\"306da81\" data-element_type=\"container\" data-e-type=\"container\">\n\t\t\t\t<div class=\"elementor-element elementor-element-f9e6b07 elementor-widget elementor-widget-wpforms\" data-id=\"f9e6b07\" data-element_type=\"widget\" data-e-type=\"widget\" data-widget_type=\"wpforms.default\">\n\t\t\t\t<div class=\"elementor-widget-container\">\n\t\t\t\t\t<div class=\"wpforms-container \" id=\"wpforms-12\"><form id=\"wpforms-form-12\" class=\"wpforms-validate wpforms-form\" data-formid=\"12\" method=\"post\" enctype=\"multipart\/form-data\" action=\"\/index.php\/wp-json\/wp\/v2\/pages\/1195\" data-token=\"34199925235a560af7d866ab0e09b4b3\" data-token-time=\"1777138524\"><noscript class=\"wpforms-error-noscript\">Please enable JavaScript in your browser to complete this form.<\/noscript><div class=\"wpforms-field-container\"><div id=\"wpforms-12-field_5-container\" class=\"wpforms-field wpforms-field-name\" data-field-id=\"5\"><label class=\"wpforms-field-label\" for=\"wpforms-12-field_5\">Nimi <span class=\"wpforms-required-label\">*<\/span><\/label><input type=\"text\" id=\"wpforms-12-field_5\" class=\"wpforms-field-medium wpforms-field-required\" name=\"wpforms[fields][5]\" required><\/div><div id=\"wpforms-12-field_4-container\" class=\"wpforms-field wpforms-field-email\" data-field-id=\"4\"><label class=\"wpforms-field-label\" for=\"wpforms-12-field_4\">S\u00e4hk\u00f6posti <span class=\"wpforms-required-label\">*<\/span><\/label><input type=\"email\" id=\"wpforms-12-field_4\" class=\"wpforms-field-large wpforms-field-required\" name=\"wpforms[fields][4]\" spellcheck=\"false\" required><\/div><div id=\"wpforms-12-field_2-container\" class=\"wpforms-field wpforms-field-textarea\" data-field-id=\"2\"><label class=\"wpforms-field-label\" for=\"wpforms-12-field_2\">Viesti <span class=\"wpforms-required-label\">*<\/span><\/label><textarea id=\"wpforms-12-field_2\" class=\"wpforms-field-small wpforms-field-required\" name=\"wpforms[fields][2]\" required><\/textarea><\/div><\/div><!-- .wpforms-field-container --><div class=\"wpforms-recaptcha-container wpforms-is-recaptcha wpforms-is-recaptcha-type-v2\" ><div class=\"g-recaptcha\" data-sitekey=\"6Lfj4JoqAAAAAG2upywSKmNpkCfmmYhBUjhcPm4k\"><\/div><input type=\"text\" name=\"g-recaptcha-hidden\" class=\"wpforms-recaptcha-hidden\" style=\"position:absolute!important;clip:rect(0,0,0,0)!important;height:1px!important;width:1px!important;border:0!important;overflow:hidden!important;padding:0!important;margin:0!important;\" data-rule-recaptcha=\"1\"><\/div><div class=\"wpforms-submit-container\" ><input type=\"hidden\" name=\"wpforms[id]\" value=\"12\"><input type=\"hidden\" name=\"page_title\" value=\"\"><input type=\"hidden\" name=\"page_url\" value=\"https:\/\/www.avaratmi.fi\/index.php\/wp-json\/wp\/v2\/pages\/1195\"><input type=\"hidden\" name=\"url_referer\" value=\"\"><button type=\"submit\" name=\"wpforms[submit]\" id=\"wpforms-submit-12\" class=\"wpforms-submit\" data-alt-text=\"L\u00e4hetet\u00e4\u00e4n...\" data-submit-text=\"L\u00e4het\u00e4 viesti\" aria-live=\"assertive\" value=\"wpforms-submit\">L\u00e4het\u00e4 viesti<\/button><\/div><\/form><\/div>  <!-- .wpforms-container -->\t\t\t\t<\/div>\n\t\t\t\t<\/div>\n\t\t\t\t<\/div>\n\t\t\t\t\t<\/div>\n\t\t\t\t<\/div>\n\t\t<div class=\"elementor-element elementor-element-1721fa1 e-flex e-con-boxed e-con e-parent\" data-id=\"1721fa1\" data-element_type=\"container\" data-e-type=\"container\">\n\t\t\t\t\t<div class=\"e-con-inner\">\n\t\t\t\t<div class=\"elementor-element elementor-element-6857389 elementor-widget elementor-widget-spacer\" data-id=\"6857389\" data-element_type=\"widget\" data-e-type=\"widget\" data-widget_type=\"spacer.default\">\n\t\t\t\t<div class=\"elementor-widget-container\">\n\t\t\t\t\t\t\t<div class=\"elementor-spacer\">\n\t\t\t<div class=\"elementor-spacer-inner\"><\/div>\n\t\t<\/div>\n\t\t\t\t\t\t<\/div>\n\t\t\t\t<\/div>\n\t\t\t\t\t<\/div>\n\t\t\t\t<\/div>\n\t\t<div class=\"elementor-element elementor-element-0bd514f e-flex e-con-boxed e-con e-parent\" data-id=\"0bd514f\" data-element_type=\"container\" data-e-type=\"container\">\n\t\t\t\t\t<div class=\"e-con-inner\">\n\t\t\t\t<div class=\"elementor-element elementor-element-c5a9e05 elementor-widget elementor-widget-text-editor\" data-id=\"c5a9e05\" data-element_type=\"widget\" data-e-type=\"widget\" data-widget_type=\"text-editor.default\">\n\t\t\t\t<div class=\"elementor-widget-container\">\n\t\t\t\t\t\t\t\t\t\u00a9 Avara Tukipalvelut Tmi 2026. Y-tunnus: 3347749-7. Kaikki oikeudet pid\u00e4tet\u00e4\u00e4n. Sivuston teki <a href=\"https:\/\/www.gritngems.com\" target=\"_blank\" rel=\"noopener\">Grit n Gems<\/a>.\t\t\t\t\t\t\t\t<\/div>\n\t\t\t\t<\/div>\n\t\t\t\t\t<\/div>\n\t\t\t\t<\/div>\n\t\t\t\t<\/div>\n\t\t","protected":false},"excerpt":{"rendered":"<p>Sosiaaliohjauksella tukea ja hyvinvointia arkeen Sosiaaliohjauksen avulla on mahdollista luoda tavoitteellista ja yksil\u00f6llist\u00e4 tukea erilaisiin el\u00e4m\u00e4ntilanteisiin. Arjen haasteiden helpottaminen, voimavarojen vahvistaminen ja el\u00e4m\u00e4nhallinnan tukeminen toimii t\u00e4rke\u00e4n\u00e4 sillanrakentajana asiakkaan ja h\u00e4nen tarvitsemansa tuen v\u00e4lill\u00e4. \u00a0 Kenelle sosiaaliohjaus sopii? Sosiaaliohjaus sopii kaikille, jotka tarvitsevat tukea esimerkiksi: Arjen sujuvuuteen kuten asumiseen, talouteen tai sosiaalisiin taitoihin Palveluiden ja tukien [&hellip;]<\/p>\n","protected":false},"author":1,"featured_media":0,"parent":0,"menu_order":0,"comment_status":"closed","ping_status":"closed","template":"","meta":{"footnotes":""},"class_list":["post-1195","page","type-page","status-publish","hentry"],"_links":{"self":[{"href":"https:\/\/www.avaratmi.fi\/index.php\/wp-json\/wp\/v2\/pages\/1195","targetHints":{"allow":["GET"]}}],"collection":[{"href":"https:\/\/www.avaratmi.fi\/index.php\/wp-json\/wp\/v2\/pages"}],"about":[{"href":"https:\/\/www.avaratmi.fi\/index.php\/wp-json\/wp\/v2\/types\/page"}],"author":[{"embeddable":true,"href":"https:\/\/www.avaratmi.fi\/index.php\/wp-json\/wp\/v2\/users\/1"}],"replies":[{"embeddable":true,"href":"https:\/\/www.avaratmi.fi\/index.php\/wp-json\/wp\/v2\/comments?post=1195"}],"version-history":[{"count":22,"href":"https:\/\/www.avaratmi.fi\/index.php\/wp-json\/wp\/v2\/pages\/1195\/revisions"}],"predecessor-version":[{"id":1774,"href":"https:\/\/www.avaratmi.fi\/index.php\/wp-json\/wp\/v2\/pages\/1195\/revisions\/1774"}],"wp:attachment":[{"href":"https:\/\/www.avaratmi.fi\/index.php\/wp-json\/wp\/v2\/media?parent=1195"}],"curies":[{"name":"wp","href":"https:\/\/api.w.org\/{rel}","templated":true}]}}