{"id":1193,"date":"2024-12-13T17:35:29","date_gmt":"2024-12-13T17:35:29","guid":{"rendered":"https:\/\/www.avaratmi.fi\/?page_id=1193"},"modified":"2025-12-01T18:02:51","modified_gmt":"2025-12-01T18:02:51","slug":"tuetut-ja-valvotut-tapaamiset","status":"publish","type":"page","link":"https:\/\/www.avaratmi.fi\/index.php\/tuetut-ja-valvotut-tapaamiset\/","title":{"rendered":"Tuetut ja valvotut tapaamiset"},"content":{"rendered":"\t\t<div data-elementor-type=\"wp-page\" data-elementor-id=\"1193\" class=\"elementor elementor-1193\">\n\t\t\t\t<div class=\"elementor-element elementor-element-fb51c4b e-flex e-con-boxed e-con e-parent\" data-id=\"fb51c4b\" data-element_type=\"container\" data-e-type=\"container\">\n\t\t\t\t\t<div class=\"e-con-inner\">\n\t\t<div class=\"elementor-element elementor-element-55b31e7 e-con-full e-flex e-con e-child\" data-id=\"55b31e7\" data-element_type=\"container\" data-e-type=\"container\">\n\t\t\t\t<div class=\"elementor-element elementor-element-e29d2a8 elementor-widget elementor-widget-image\" data-id=\"e29d2a8\" data-element_type=\"widget\" data-e-type=\"widget\" data-widget_type=\"image.default\">\n\t\t\t\t<div class=\"elementor-widget-container\">\n\t\t\t\t\t\t\t\t\t\t\t\t\t\t\t<img fetchpriority=\"high\" decoding=\"async\" width=\"800\" height=\"800\" src=\"https:\/\/www.avaratmi.fi\/wp-content\/uploads\/2024\/12\/tapaamiset-min-1024x1024.png\" class=\"attachment-large size-large wp-image-1330\" alt=\"\" srcset=\"https:\/\/www.avaratmi.fi\/wp-content\/uploads\/2024\/12\/tapaamiset-min-1024x1024.png 1024w, https:\/\/www.avaratmi.fi\/wp-content\/uploads\/2024\/12\/tapaamiset-min-300x300.png 300w, https:\/\/www.avaratmi.fi\/wp-content\/uploads\/2024\/12\/tapaamiset-min-150x150.png 150w, https:\/\/www.avaratmi.fi\/wp-content\/uploads\/2024\/12\/tapaamiset-min-768x768.png 768w, https:\/\/www.avaratmi.fi\/wp-content\/uploads\/2024\/12\/tapaamiset-min.png 1080w\" sizes=\"(max-width: 800px) 100vw, 800px\" \/>\t\t\t\t\t\t\t\t\t\t\t\t\t\t\t<\/div>\n\t\t\t\t<\/div>\n\t\t\t\t<\/div>\n\t\t<div class=\"elementor-element elementor-element-14e4e88 e-con-full e-flex e-con e-child\" data-id=\"14e4e88\" data-element_type=\"container\" data-e-type=\"container\">\n\t\t\t\t<div class=\"elementor-element elementor-element-a7773ad elementor-widget elementor-widget-text-editor\" data-id=\"a7773ad\" data-element_type=\"widget\" data-e-type=\"widget\" data-widget_type=\"text-editor.default\">\n\t\t\t\t<div class=\"elementor-widget-container\">\n\t\t\t\t\t\t\t\t\t<h2><b>Tuetut ja valvotut tapaamiset tuovat turvallisia kohtaamisia perheille<\/b><\/h2><p>Tuetut ja valvotut tapaamiset on suunniteltu varmistamaan lapsen ja vanhemman v\u00e4linen yhteydenpito turvallisessa ja hallitussa ymp\u00e4rist\u00f6ss\u00e4. Tavoitteena on edist\u00e4\u00e4 lapsen hyvinvointia ja tukea perhesuhteiden rakentumista yksil\u00f6llisill\u00e4 ratkaisuilla. Palvelu on erityisen hy\u00f6dyllinen haastavissa perhetilanteissa, joissa tarvitaan ulkopuolisen henkil\u00f6n tukea ja valvontaa.<span class=\"Apple-converted-space\">\u00a0<\/span><\/p><p>\u00a0<\/p><h3><strong>Tuetut tapaamiset tukevat vuorovaikutusta ja vahvistavat perhesuhteita<\/strong><\/h3><h4><strong>Kenelle tuetut tapaamiset sopivat?<\/strong><\/h4><p>Tuetut tapaamiset on tarkoitettu perheille, joissa:<\/p><ul><li>Lapsen ja yhden tai molempien vanhempien v\u00e4linen tapaaminen edellytt\u00e4\u00e4 oikeuden p\u00e4\u00e4t\u00f6ksell\u00e4 ammattilaisen l\u00e4sn\u00e4oloa<\/li><li>Perheisiin, joissa perhesuhteita ja vuorovaikutusta halutaan tukea ammattilaisen ohjauksella<\/li><li>Lapsille, jotka hy\u00f6tyv\u00e4t selke\u00e4st\u00e4 tapaamisymp\u00e4rist\u00f6st\u00e4<\/li><\/ul><p>\u00a0<\/p><h4><strong>Mit\u00e4 tuetut tapaamiset sis\u00e4lt\u00e4v\u00e4t?<\/strong><\/h4><ul><li>Vanhemmille tarjotaan ammattilaisen konkreettista tukea vuorovaikutukseen lapsen kanssa<\/li><li>Neutraalin ymp\u00e4rist\u00f6n tapaamisille lapselle turvallisessa ja mukavaksi koetussa tilassa<\/li><li>Tapaamisten suunnittelu yksil\u00f6iden tarpeiden ja perhetilanteen vuoksi lapsen hyvinvointi priorisoiden<\/li><li>Tukea vanhemmuutta sek\u00e4 lapsen ja vanhemman v\u00e4list\u00e4 vuorovaikutusta<\/li><\/ul><p>\u00a0<\/p><h4><strong>Tuettujen tapaamisten tavoitteet <\/strong><\/h4><p>Tuetut tapaamiset luovat vuorovaikutusta ja turvallisuutta haastaviin tapaamistilanteisiin. Ne auttavat vanhempaa tunnistamaan lapsen tarpeita tapaamisten yhteydess\u00e4 rakentaen positiivista ilmapiiri\u00e4 ja tukien vanhemman v\u00e4list\u00e4 kiintymyssuhdetta.<\/p><p>\u00a0<\/p><h3><strong>Valvotut tapaamiset turvaavat haastavia tilanteita<\/strong><\/h3><h4><strong>Kenelle valvotut tapaamiset sopivat?<\/strong><\/h4><p>Valvotut tapaamiset otetaan k\u00e4ytt\u00f6\u00f6n silloin, kun tarvitaan ulkopuolista apua ja tukea turvaamaan lapsen hyvinvointi tapaamisissa, sek\u00e4 varmistaa tilanteen sujuvuus. Se sopii esimerkiksi:<\/p><ul><li>Perheille, joissa oikeuden p\u00e4\u00e4t\u00f6s edellytt\u00e4\u00e4 valvontaa<\/li><li>Tilanteisiin, joissa lapsen turvallisuuden takaamiseksi tarvitaan valvontaa<\/li><li>Perheille, joissa on tai on riskin\u00e4 konfliktitilanne tai joissa vuorovaikutus on haastavaa<\/li><\/ul><p>\u00a0<\/p><h4><strong>Mit\u00e4 valvotut tapaamiset sis\u00e4lt\u00e4v\u00e4t?<\/strong><\/h4><ul><li>Ammattilaisen aktiivisen l\u00e4sn\u00e4olon kaikissa vaiheissa<\/li><li>Tapaamisen tarkka seuranta ja raportointi, mik\u00e4li tilanne sit\u00e4 vaatii<\/li><li>Lapselle turvallisen ymp\u00e4rist\u00f6n tavata vanhempaansa<\/li><\/ul><p>\u00a0<\/p><h4><strong>Valvottujen tapaamisten tavoitteet<\/strong><\/h4><p>Valvotuissa tapaamisissa lapsen turvallisuuden varmistaminen korostuu, ja tavoitteena on ehk\u00e4ist\u00e4 ja hallita konfliktitilanteita lapsen turvallisuuden takaamiseksi. Toisin kuin tuetuissa tapaamisissa, valvotuissa tapaamisissa ammattilainen voi olla aktiivisena osana vuorovaikutusta est\u00e4\u00e4kseen haitallisia tilanteita ja raportoida tapaamisen kulusta asiaan liittyville ammattilaisille.<\/p><h4>\u00a0<\/h4><h4><strong><em>Luodaan yhdess\u00e4 turvalliset tapaamiset lapsille. Ota yhteytt\u00e4!<\/em><\/strong><\/h4>\t\t\t\t\t\t\t\t<\/div>\n\t\t\t\t<\/div>\n\t\t\t\t<\/div>\n\t\t\t\t\t<\/div>\n\t\t\t\t<\/div>\n\t\t<div class=\"elementor-element elementor-element-7aaa3da e-flex e-con-boxed e-con e-parent\" data-id=\"7aaa3da\" data-element_type=\"container\" data-e-type=\"container\">\n\t\t\t\t\t<div class=\"e-con-inner\">\n\t\t<div class=\"elementor-element elementor-element-6a32b19 e-con-full e-flex e-con e-child\" data-id=\"6a32b19\" data-element_type=\"container\" data-e-type=\"container\">\n\t\t\t\t<div class=\"elementor-element elementor-element-6de76ff elementor-widget elementor-widget-image\" data-id=\"6de76ff\" data-element_type=\"widget\" data-e-type=\"widget\" data-widget_type=\"image.default\">\n\t\t\t\t<div class=\"elementor-widget-container\">\n\t\t\t\t\t\t\t\t\t\t\t\t\t\t\t<img decoding=\"async\" width=\"800\" height=\"457\" src=\"https:\/\/www.avaratmi.fi\/wp-content\/uploads\/2025\/11\/avara_kayntikortti-1024x585.png\" class=\"attachment-large size-large wp-image-1668\" alt=\"\" srcset=\"https:\/\/www.avaratmi.fi\/wp-content\/uploads\/2025\/11\/avara_kayntikortti-1024x585.png 1024w, https:\/\/www.avaratmi.fi\/wp-content\/uploads\/2025\/11\/avara_kayntikortti-300x171.png 300w, https:\/\/www.avaratmi.fi\/wp-content\/uploads\/2025\/11\/avara_kayntikortti-768x439.png 768w, https:\/\/www.avaratmi.fi\/wp-content\/uploads\/2025\/11\/avara_kayntikortti.png 1050w\" sizes=\"(max-width: 800px) 100vw, 800px\" \/>\t\t\t\t\t\t\t\t\t\t\t\t\t\t\t<\/div>\n\t\t\t\t<\/div>\n\t\t\t\t<\/div>\n\t\t<div class=\"elementor-element elementor-element-4e55eb6 e-con-full e-flex e-con e-child\" data-id=\"4e55eb6\" data-element_type=\"container\" data-e-type=\"container\">\n\t\t\t\t<div class=\"elementor-element elementor-element-5c3cab0 elementor-widget elementor-widget-wpforms\" data-id=\"5c3cab0\" data-element_type=\"widget\" data-e-type=\"widget\" data-widget_type=\"wpforms.default\">\n\t\t\t\t<div class=\"elementor-widget-container\">\n\t\t\t\t\t<div class=\"wpforms-container \" id=\"wpforms-12\"><form id=\"wpforms-form-12\" class=\"wpforms-validate wpforms-form\" data-formid=\"12\" method=\"post\" enctype=\"multipart\/form-data\" action=\"\/index.php\/wp-json\/wp\/v2\/pages\/1193\" data-token=\"34199925235a560af7d866ab0e09b4b3\" data-token-time=\"1777133217\"><noscript class=\"wpforms-error-noscript\">Please enable JavaScript in your browser to complete this form.<\/noscript><div class=\"wpforms-field-container\"><div id=\"wpforms-12-field_5-container\" class=\"wpforms-field wpforms-field-name\" data-field-id=\"5\"><label class=\"wpforms-field-label\" for=\"wpforms-12-field_5\">Nimi <span class=\"wpforms-required-label\">*<\/span><\/label><input type=\"text\" id=\"wpforms-12-field_5\" class=\"wpforms-field-medium wpforms-field-required\" name=\"wpforms[fields][5]\" required><\/div><div id=\"wpforms-12-field_4-container\" class=\"wpforms-field wpforms-field-email\" data-field-id=\"4\"><label class=\"wpforms-field-label\" for=\"wpforms-12-field_4\">S\u00e4hk\u00f6posti <span class=\"wpforms-required-label\">*<\/span><\/label><input type=\"email\" id=\"wpforms-12-field_4\" class=\"wpforms-field-large wpforms-field-required\" name=\"wpforms[fields][4]\" spellcheck=\"false\" required><\/div><div id=\"wpforms-12-field_2-container\" class=\"wpforms-field wpforms-field-textarea\" data-field-id=\"2\"><label class=\"wpforms-field-label\" for=\"wpforms-12-field_2\">Viesti <span class=\"wpforms-required-label\">*<\/span><\/label><textarea id=\"wpforms-12-field_2\" class=\"wpforms-field-small wpforms-field-required\" name=\"wpforms[fields][2]\" required><\/textarea><\/div><\/div><!-- .wpforms-field-container --><div class=\"wpforms-recaptcha-container wpforms-is-recaptcha wpforms-is-recaptcha-type-v2\" ><div class=\"g-recaptcha\" data-sitekey=\"6Lfj4JoqAAAAAG2upywSKmNpkCfmmYhBUjhcPm4k\"><\/div><input type=\"text\" name=\"g-recaptcha-hidden\" class=\"wpforms-recaptcha-hidden\" style=\"position:absolute!important;clip:rect(0,0,0,0)!important;height:1px!important;width:1px!important;border:0!important;overflow:hidden!important;padding:0!important;margin:0!important;\" data-rule-recaptcha=\"1\"><\/div><div class=\"wpforms-submit-container\" ><input type=\"hidden\" name=\"wpforms[id]\" value=\"12\"><input type=\"hidden\" name=\"page_title\" value=\"\"><input type=\"hidden\" name=\"page_url\" value=\"https:\/\/www.avaratmi.fi\/index.php\/wp-json\/wp\/v2\/pages\/1193\"><input type=\"hidden\" name=\"url_referer\" value=\"\"><button type=\"submit\" name=\"wpforms[submit]\" id=\"wpforms-submit-12\" class=\"wpforms-submit\" data-alt-text=\"L\u00e4hetet\u00e4\u00e4n...\" data-submit-text=\"L\u00e4het\u00e4 viesti\" aria-live=\"assertive\" value=\"wpforms-submit\">L\u00e4het\u00e4 viesti<\/button><\/div><\/form><\/div>  <!-- .wpforms-container -->\t\t\t\t<\/div>\n\t\t\t\t<\/div>\n\t\t\t\t<\/div>\n\t\t\t\t\t<\/div>\n\t\t\t\t<\/div>\n\t\t<div class=\"elementor-element elementor-element-c04df28 e-flex e-con-boxed e-con e-parent\" data-id=\"c04df28\" data-element_type=\"container\" data-e-type=\"container\">\n\t\t\t\t\t<div class=\"e-con-inner\">\n\t\t\t\t<div class=\"elementor-element elementor-element-db81fe0 elementor-widget elementor-widget-spacer\" data-id=\"db81fe0\" data-element_type=\"widget\" data-e-type=\"widget\" data-widget_type=\"spacer.default\">\n\t\t\t\t<div class=\"elementor-widget-container\">\n\t\t\t\t\t\t\t<div class=\"elementor-spacer\">\n\t\t\t<div class=\"elementor-spacer-inner\"><\/div>\n\t\t<\/div>\n\t\t\t\t\t\t<\/div>\n\t\t\t\t<\/div>\n\t\t\t\t\t<\/div>\n\t\t\t\t<\/div>\n\t\t<div class=\"elementor-element elementor-element-2e6e0d0 e-flex e-con-boxed e-con e-parent\" data-id=\"2e6e0d0\" data-element_type=\"container\" data-e-type=\"container\">\n\t\t\t\t\t<div class=\"e-con-inner\">\n\t\t\t\t<div class=\"elementor-element elementor-element-fee1dec elementor-widget elementor-widget-text-editor\" data-id=\"fee1dec\" data-element_type=\"widget\" data-e-type=\"widget\" data-widget_type=\"text-editor.default\">\n\t\t\t\t<div class=\"elementor-widget-container\">\n\t\t\t\t\t\t\t\t\t\u00a9 Avara Tukipalvelut Tmi 2026. Y-tunnus: 3347749-7. Kaikki oikeudet pid\u00e4tet\u00e4\u00e4n. Sivuston teki <a href=\"https:\/\/www.gritngems.com\" target=\"_blank\" rel=\"noopener\">Grit n Gems<\/a>.\t\t\t\t\t\t\t\t<\/div>\n\t\t\t\t<\/div>\n\t\t\t\t\t<\/div>\n\t\t\t\t<\/div>\n\t\t\t\t<\/div>\n\t\t","protected":false},"excerpt":{"rendered":"<p>Tuetut ja valvotut tapaamiset tuovat turvallisia kohtaamisia perheille Tuetut ja valvotut tapaamiset on suunniteltu varmistamaan lapsen ja vanhemman v\u00e4linen yhteydenpito turvallisessa ja hallitussa ymp\u00e4rist\u00f6ss\u00e4. Tavoitteena on edist\u00e4\u00e4 lapsen hyvinvointia ja tukea perhesuhteiden rakentumista yksil\u00f6llisill\u00e4 ratkaisuilla. Palvelu on erityisen hy\u00f6dyllinen haastavissa perhetilanteissa, joissa tarvitaan ulkopuolisen henkil\u00f6n tukea ja valvontaa.\u00a0 \u00a0 Tuetut tapaamiset tukevat vuorovaikutusta ja vahvistavat [&hellip;]<\/p>\n","protected":false},"author":1,"featured_media":0,"parent":0,"menu_order":0,"comment_status":"closed","ping_status":"closed","template":"","meta":{"footnotes":""},"class_list":["post-1193","page","type-page","status-publish","hentry"],"_links":{"self":[{"href":"https:\/\/www.avaratmi.fi\/index.php\/wp-json\/wp\/v2\/pages\/1193","targetHints":{"allow":["GET"]}}],"collection":[{"href":"https:\/\/www.avaratmi.fi\/index.php\/wp-json\/wp\/v2\/pages"}],"about":[{"href":"https:\/\/www.avaratmi.fi\/index.php\/wp-json\/wp\/v2\/types\/page"}],"author":[{"embeddable":true,"href":"https:\/\/www.avaratmi.fi\/index.php\/wp-json\/wp\/v2\/users\/1"}],"replies":[{"embeddable":true,"href":"https:\/\/www.avaratmi.fi\/index.php\/wp-json\/wp\/v2\/comments?post=1193"}],"version-history":[{"count":16,"href":"https:\/\/www.avaratmi.fi\/index.php\/wp-json\/wp\/v2\/pages\/1193\/revisions"}],"predecessor-version":[{"id":1759,"href":"https:\/\/www.avaratmi.fi\/index.php\/wp-json\/wp\/v2\/pages\/1193\/revisions\/1759"}],"wp:attachment":[{"href":"https:\/\/www.avaratmi.fi\/index.php\/wp-json\/wp\/v2\/media?parent=1193"}],"curies":[{"name":"wp","href":"https:\/\/api.w.org\/{rel}","templated":true}]}}