{"id":1191,"date":"2024-12-13T17:34:55","date_gmt":"2024-12-13T17:34:55","guid":{"rendered":"https:\/\/www.avaratmi.fi\/?page_id=1191"},"modified":"2025-12-01T18:02:01","modified_gmt":"2025-12-01T18:02:01","slug":"perhetyo","status":"publish","type":"page","link":"https:\/\/www.avaratmi.fi\/index.php\/perhetyo\/","title":{"rendered":"Perhety\u00f6"},"content":{"rendered":"\t\t<div data-elementor-type=\"wp-page\" data-elementor-id=\"1191\" class=\"elementor elementor-1191\">\n\t\t\t\t<div class=\"elementor-element elementor-element-08f00fd e-flex e-con-boxed e-con e-parent\" data-id=\"08f00fd\" data-element_type=\"container\" data-e-type=\"container\">\n\t\t\t\t\t<div class=\"e-con-inner\">\n\t\t<div class=\"elementor-element elementor-element-e967b0b e-con-full e-flex e-con e-child\" data-id=\"e967b0b\" data-element_type=\"container\" data-e-type=\"container\">\n\t\t\t\t<div class=\"elementor-element elementor-element-50d8079 elementor-widget elementor-widget-image\" data-id=\"50d8079\" data-element_type=\"widget\" data-e-type=\"widget\" data-widget_type=\"image.default\">\n\t\t\t\t<div class=\"elementor-widget-container\">\n\t\t\t\t\t\t\t\t\t\t\t\t\t\t\t<img fetchpriority=\"high\" decoding=\"async\" width=\"800\" height=\"800\" src=\"https:\/\/www.avaratmi.fi\/wp-content\/uploads\/2024\/12\/perhetyo-min-1024x1024.png\" class=\"attachment-large size-large wp-image-1318\" alt=\"\" srcset=\"https:\/\/www.avaratmi.fi\/wp-content\/uploads\/2024\/12\/perhetyo-min-1024x1024.png 1024w, https:\/\/www.avaratmi.fi\/wp-content\/uploads\/2024\/12\/perhetyo-min-300x300.png 300w, https:\/\/www.avaratmi.fi\/wp-content\/uploads\/2024\/12\/perhetyo-min-150x150.png 150w, https:\/\/www.avaratmi.fi\/wp-content\/uploads\/2024\/12\/perhetyo-min-768x768.png 768w, https:\/\/www.avaratmi.fi\/wp-content\/uploads\/2024\/12\/perhetyo-min.png 1080w\" sizes=\"(max-width: 800px) 100vw, 800px\" \/>\t\t\t\t\t\t\t\t\t\t\t\t\t\t\t<\/div>\n\t\t\t\t<\/div>\n\t\t\t\t<\/div>\n\t\t<div class=\"elementor-element elementor-element-b446376 e-con-full e-flex e-con e-child\" data-id=\"b446376\" data-element_type=\"container\" data-e-type=\"container\">\n\t\t\t\t<div class=\"elementor-element elementor-element-ea790e6 elementor-widget elementor-widget-text-editor\" data-id=\"ea790e6\" data-element_type=\"widget\" data-e-type=\"widget\" data-widget_type=\"text-editor.default\">\n\t\t\t\t<div class=\"elementor-widget-container\">\n\t\t\t\t\t\t\t\t\t<h2><b>Perhety\u00f6ll\u00e4 tukea perheen arkeen ja vuorovaikutukseen<\/b><\/h2><p>Perhety\u00f6 auttaa perheit\u00e4 arjen haasteissa, ja tarjoaa kokonaisvaltaista apua my\u00f6s muihin haasteisiin. Se on suunnattu perheille, jotka kaipaavat apua arjessa selviytymiseen, vanhemmuuden tukemiseen sek\u00e4 turvallisen, toimivan ja vuorovaikutteisen perhearjen luomiseen.<span class=\"Apple-converted-space\">\u00a0<\/span><\/p><h4>\u00a0<\/h4><h4><strong>Kenelle perhety\u00f6 sopii?<\/strong><\/h4><p>Perhety\u00f6 sopii kaikille perheille, jotka kokevat tarvitsevansa apua esimerkiksi:<\/p><ul><li>Vanhemmuuden tukemisessa ja lasten kasvatukseen liittyviss\u00e4 haasteissa<\/li><li>Vuorovaikutuksen vahvistamisessa perheenj\u00e4senten v\u00e4lill\u00e4 sek\u00e4 ristiriitojen ratkaisemisessa<\/li><li>Haastaviin el\u00e4m\u00e4ntilanteisiin mukautuessa kuten avioeron, taloudellisten haasteiden tai terveysongelmien yhteydess\u00e4<\/li><li>P\u00e4ivitt\u00e4isen perheen arjen ja rutiinien toimivuudessa<\/li><\/ul><h4>\u00a0<\/h4><h4><strong>Mit\u00e4 perhety\u00f6 sis\u00e4lt\u00e4\u00e4?<\/strong><\/h4><p>Palvelu mukautetaan t\u00e4ysin perheen tarpeisiin. Se voi sis\u00e4lt\u00e4\u00e4 esimerkiksi:<\/p><ul><li>Aikataulujen hallintaa, rutiinien luomista ja muuta arjen toimivuutta sujuvoittavaa tukemista<\/li><li>Vanhemmuuden vahvistamista kuten kasvatusneuvontaa ja perhesuhteiden tukemista<\/li><li>Yhteisty\u00f6t\u00e4 koulujen, p\u00e4iv\u00e4kotien ja muiden ammattilaisten kanssa, jotta lasten arkea voidaan tukea mahdollisimman moniammatillisesti ja kokonaisvaltaisesti<\/li><li>Kriisiapua esimerkiksi el\u00e4m\u00e4nmuutosten tai \u00e4killisten poikkeustilanteiden keskell\u00e4<\/li><\/ul><h2>\u00a0<\/h2><h2><strong>Tehostettu perhety\u00f6 tarjoaa intensiivist\u00e4 tukea vaativiin tilanteisiin<\/strong><\/h2><p>Tehostettu perhety\u00f6 on suunniteltu tarjoamaan tiivist\u00e4 ja kokonaisvaltaista tapua perheille, jotka kohtaavat monimutkaisempia haasteita. T\u00e4m\u00e4 palvelu on suunnattu perheille, jotka tarvitsevat kiireellist\u00e4 ja intensiivist\u00e4 tukea esimerkiksi lastensuojenlun tukitoimenpiteen\u00e4. Tavoitteena on kriisien hallinta, perheen toimintakyvyn turvaaminen ja vahvistaminen sek\u00e4 lasten hyvinvoinnin turvaaminen.<span class=\"Apple-converted-space\">\u00a0<\/span><\/p><h4>\u00a0<\/h4><h4><strong>Kenelle tehostettu perhety\u00f6 sopii?<\/strong><\/h4><p>Tehostettu perhety\u00f6 vastaa tilanteisiin, joissa perhe tarvitsee enemm\u00e4n aikaa ja resursseja vaikeuksien ratkaisemiseen. Palvelu on suunnattu erityisesti:<\/p><ul><li>Perheille, jotka ovat lastensuojelun asiakkaina ja tarvitsevat intensiivist\u00e4 tukea arkeen<\/li><li>Tilanteisiin, joissa perheen sis\u00e4iset ongelmat vaikeuttavat arkea merkitt\u00e4v\u00e4sti<\/li><li>Perheille, jotka kohtaavat useita haasteita samanaikaisesti kuten vanhempien uupumusta, terveyshuolia, taloudellista kriisi\u00e4 tai lasten k\u00e4yt\u00f6songelmia<\/li><\/ul><h4>\u00a0<\/h4><h4><strong>Mit\u00e4 tehostettu perhety\u00f6 sis\u00e4lt\u00e4\u00e4?<\/strong><\/h4><p>Tehostettu perhety\u00f6 tarjoaa syv\u00e4llisemp\u00e4\u00e4 ja tiiviimp\u00e4\u00e4 tukea, johon voi sis\u00e4lty\u00e4 esimerkiksi:<\/p><ul><li>Lasten ja vanhempien v\u00e4listen suhteiden vahvistamista ja yhteisten toimintamallien luomista perheen ongelmien k\u00e4sittelyyn<\/li><li>S\u00e4\u00e4nn\u00f6llisi\u00e4 kotik\u00e4yntej\u00e4, joissa kartoitetaan perheen tarpeita ja luodaan tapoja tukea heid\u00e4n arkeaan konkreettisesti<\/li><li>Tiivist\u00e4 yhteisty\u00f6t\u00e4 lastensuojelun ja muiden viranomaisten, sek\u00e4 koulun ja terveydenhuollon kanssa kokonaistilanteen tukemiseksi<\/li><li>Apua perheen kriisinhallinnassa, jonka tavoitteena on turvata koko perheen ja erityisesti lasten hyvinvointi<\/li><\/ul><h4>\u00a0<\/h4><h4><strong>Perhety\u00f6n tavoitteet<\/strong><\/h4><p>Sek\u00e4 perhety\u00f6n ett\u00e4 tehostetun perhety\u00f6n p\u00e4\u00e4tavoitteena on koko perheen hyvinvoinnin edist\u00e4minen sek\u00e4 arjen toimivuuden tukeminen.<\/p><p>Perhety\u00f6 keskittyy erityisesti arjen sujuvuuteen, rutiineihin ja haasteisiin sek\u00e4 vanhemmuuden tukemiseen. Se kehitt\u00e4\u00e4 my\u00f6s perheiden resilienssi\u00e4 selviyty\u00e4 haasteista ja mukautua muutoksiin, edist\u00e4\u00e4 perheenj\u00e4senten keskin\u00e4ist\u00e4 vuorovaikutusta ja ennaltaehk\u00e4isee suurempia ongelmia.<\/p><p>Tehostettu perhety\u00f6 auttaa perheit\u00e4 selvi\u00e4m\u00e4\u00e4n akuuteista ongelmista, el\u00e4m\u00e4nmuutoksista ja hallitsemaan kriisej\u00e4. Tavoitteena on ennen kaikkea lasten hyvinvoinnin turvaaminen haastavissakin olosuhteissa, perheen toimintakyvyn vahvistaminen ja voimavarojen lis\u00e4\u00e4minen sek\u00e4 yhteisty\u00f6n edist\u00e4minen viranomaisten ja muiden asiaan liittyvien palveluiden kanssa.<span class=\"Apple-converted-space\">\u00a0<\/span><\/p><p>Perhety\u00f6 pyrkii tavoitteellisesti pitk\u00e4aikaisiin tuloksiin vahvistaen perheen kyky\u00e4 toimia itsen\u00e4isesti, luoda sujuva arki haastavissakin olosuhteissa ja rakentaa kest\u00e4v\u00e4\u00e4 pohjaa koko perheen hyvinvoinnille. Jokaisen perheen tilanne on yksil\u00f6llinen, joten perhety\u00f6t\u00e4 suunnitellessa otetaan huomioon jokaisen perheen vahvuudet, haasteet sek\u00e4 suunta, johon toimivaa perhe-el\u00e4m\u00e4\u00e4 l\u00e4hdet\u00e4\u00e4n rakentamaan.<\/p><h4>\u00a0<\/h4><h4><em><strong>Ota yhteytt\u00e4 &#8211; tehd\u00e4\u00e4n yhdess\u00e4 perheenne arjesta turvallista ja toimivaa.<\/strong><\/em><\/h4>\t\t\t\t\t\t\t\t<\/div>\n\t\t\t\t<\/div>\n\t\t\t\t<\/div>\n\t\t\t\t\t<\/div>\n\t\t\t\t<\/div>\n\t\t<div class=\"elementor-element elementor-element-0dd4896 e-flex e-con-boxed e-con e-parent\" data-id=\"0dd4896\" data-element_type=\"container\" data-e-type=\"container\">\n\t\t\t\t\t<div class=\"e-con-inner\">\n\t\t<div class=\"elementor-element elementor-element-901eb33 e-con-full e-flex e-con e-child\" data-id=\"901eb33\" data-element_type=\"container\" data-e-type=\"container\">\n\t\t\t\t<div class=\"elementor-element elementor-element-5d8b93f elementor-widget elementor-widget-image\" data-id=\"5d8b93f\" data-element_type=\"widget\" data-e-type=\"widget\" data-widget_type=\"image.default\">\n\t\t\t\t<div class=\"elementor-widget-container\">\n\t\t\t\t\t\t\t\t\t\t\t\t\t\t\t<img decoding=\"async\" width=\"800\" height=\"457\" src=\"https:\/\/www.avaratmi.fi\/wp-content\/uploads\/2025\/11\/avara_kayntikortti-1024x585.png\" class=\"attachment-large size-large wp-image-1668\" alt=\"\" srcset=\"https:\/\/www.avaratmi.fi\/wp-content\/uploads\/2025\/11\/avara_kayntikortti-1024x585.png 1024w, https:\/\/www.avaratmi.fi\/wp-content\/uploads\/2025\/11\/avara_kayntikortti-300x171.png 300w, https:\/\/www.avaratmi.fi\/wp-content\/uploads\/2025\/11\/avara_kayntikortti-768x439.png 768w, https:\/\/www.avaratmi.fi\/wp-content\/uploads\/2025\/11\/avara_kayntikortti.png 1050w\" sizes=\"(max-width: 800px) 100vw, 800px\" \/>\t\t\t\t\t\t\t\t\t\t\t\t\t\t\t<\/div>\n\t\t\t\t<\/div>\n\t\t\t\t<\/div>\n\t\t<div class=\"elementor-element elementor-element-b1070c8 e-con-full e-flex e-con e-child\" data-id=\"b1070c8\" data-element_type=\"container\" data-e-type=\"container\">\n\t\t\t\t<div class=\"elementor-element elementor-element-dbc1596 elementor-widget elementor-widget-wpforms\" data-id=\"dbc1596\" data-element_type=\"widget\" data-e-type=\"widget\" data-widget_type=\"wpforms.default\">\n\t\t\t\t<div class=\"elementor-widget-container\">\n\t\t\t\t\t<div class=\"wpforms-container \" id=\"wpforms-12\"><form id=\"wpforms-form-12\" class=\"wpforms-validate wpforms-form\" data-formid=\"12\" method=\"post\" enctype=\"multipart\/form-data\" action=\"\/index.php\/wp-json\/wp\/v2\/pages\/1191\" data-token=\"34199925235a560af7d866ab0e09b4b3\" data-token-time=\"1777138524\"><noscript class=\"wpforms-error-noscript\">Please enable JavaScript in your browser to complete this form.<\/noscript><div class=\"wpforms-field-container\"><div id=\"wpforms-12-field_5-container\" class=\"wpforms-field wpforms-field-name\" data-field-id=\"5\"><label class=\"wpforms-field-label\" for=\"wpforms-12-field_5\">Nimi <span class=\"wpforms-required-label\">*<\/span><\/label><input type=\"text\" id=\"wpforms-12-field_5\" class=\"wpforms-field-medium wpforms-field-required\" name=\"wpforms[fields][5]\" required><\/div><div id=\"wpforms-12-field_4-container\" class=\"wpforms-field wpforms-field-email\" data-field-id=\"4\"><label class=\"wpforms-field-label\" for=\"wpforms-12-field_4\">S\u00e4hk\u00f6posti <span class=\"wpforms-required-label\">*<\/span><\/label><input type=\"email\" id=\"wpforms-12-field_4\" class=\"wpforms-field-large wpforms-field-required\" name=\"wpforms[fields][4]\" spellcheck=\"false\" required><\/div><div id=\"wpforms-12-field_2-container\" class=\"wpforms-field wpforms-field-textarea\" data-field-id=\"2\"><label class=\"wpforms-field-label\" for=\"wpforms-12-field_2\">Viesti <span class=\"wpforms-required-label\">*<\/span><\/label><textarea id=\"wpforms-12-field_2\" class=\"wpforms-field-small wpforms-field-required\" name=\"wpforms[fields][2]\" required><\/textarea><\/div><\/div><!-- .wpforms-field-container --><div class=\"wpforms-recaptcha-container wpforms-is-recaptcha wpforms-is-recaptcha-type-v2\" ><div class=\"g-recaptcha\" data-sitekey=\"6Lfj4JoqAAAAAG2upywSKmNpkCfmmYhBUjhcPm4k\"><\/div><input type=\"text\" name=\"g-recaptcha-hidden\" class=\"wpforms-recaptcha-hidden\" style=\"position:absolute!important;clip:rect(0,0,0,0)!important;height:1px!important;width:1px!important;border:0!important;overflow:hidden!important;padding:0!important;margin:0!important;\" data-rule-recaptcha=\"1\"><\/div><div class=\"wpforms-submit-container\" ><input type=\"hidden\" name=\"wpforms[id]\" value=\"12\"><input type=\"hidden\" name=\"page_title\" value=\"\"><input type=\"hidden\" name=\"page_url\" value=\"https:\/\/www.avaratmi.fi\/index.php\/wp-json\/wp\/v2\/pages\/1191\"><input type=\"hidden\" name=\"url_referer\" value=\"\"><button type=\"submit\" name=\"wpforms[submit]\" id=\"wpforms-submit-12\" class=\"wpforms-submit\" data-alt-text=\"L\u00e4hetet\u00e4\u00e4n...\" data-submit-text=\"L\u00e4het\u00e4 viesti\" aria-live=\"assertive\" value=\"wpforms-submit\">L\u00e4het\u00e4 viesti<\/button><\/div><\/form><\/div>  <!-- .wpforms-container -->\t\t\t\t<\/div>\n\t\t\t\t<\/div>\n\t\t\t\t<\/div>\n\t\t\t\t\t<\/div>\n\t\t\t\t<\/div>\n\t\t<div class=\"elementor-element elementor-element-e4716cc e-flex e-con-boxed e-con e-parent\" data-id=\"e4716cc\" data-element_type=\"container\" data-e-type=\"container\">\n\t\t\t\t\t<div class=\"e-con-inner\">\n\t\t\t\t<div class=\"elementor-element elementor-element-b305c65 elementor-widget elementor-widget-spacer\" data-id=\"b305c65\" data-element_type=\"widget\" data-e-type=\"widget\" data-widget_type=\"spacer.default\">\n\t\t\t\t<div class=\"elementor-widget-container\">\n\t\t\t\t\t\t\t<div class=\"elementor-spacer\">\n\t\t\t<div class=\"elementor-spacer-inner\"><\/div>\n\t\t<\/div>\n\t\t\t\t\t\t<\/div>\n\t\t\t\t<\/div>\n\t\t\t\t\t<\/div>\n\t\t\t\t<\/div>\n\t\t<div class=\"elementor-element elementor-element-8502832 e-flex e-con-boxed e-con e-parent\" data-id=\"8502832\" data-element_type=\"container\" data-e-type=\"container\">\n\t\t\t\t\t<div class=\"e-con-inner\">\n\t\t\t\t<div class=\"elementor-element elementor-element-e9426c0 elementor-widget elementor-widget-text-editor\" data-id=\"e9426c0\" data-element_type=\"widget\" data-e-type=\"widget\" data-widget_type=\"text-editor.default\">\n\t\t\t\t<div class=\"elementor-widget-container\">\n\t\t\t\t\t\t\t\t\t\u00a9 Avara Tukipalvelut Tmi 2026. Y-tunnus: 3347749-7. Kaikki oikeudet pid\u00e4tet\u00e4\u00e4n. Sivuston teki <a href=\"https:\/\/www.gritngems.com\" target=\"_blank\" rel=\"noopener\">Grit n Gems<\/a>.\t\t\t\t\t\t\t\t<\/div>\n\t\t\t\t<\/div>\n\t\t\t\t\t<\/div>\n\t\t\t\t<\/div>\n\t\t\t\t<\/div>\n\t\t","protected":false},"excerpt":{"rendered":"<p>Perhety\u00f6ll\u00e4 tukea perheen arkeen ja vuorovaikutukseen Perhety\u00f6 auttaa perheit\u00e4 arjen haasteissa, ja tarjoaa kokonaisvaltaista apua my\u00f6s muihin haasteisiin. Se on suunnattu perheille, jotka kaipaavat apua arjessa selviytymiseen, vanhemmuuden tukemiseen sek\u00e4 turvallisen, toimivan ja vuorovaikutteisen perhearjen luomiseen.\u00a0 \u00a0 Kenelle perhety\u00f6 sopii? Perhety\u00f6 sopii kaikille perheille, jotka kokevat tarvitsevansa apua esimerkiksi: Vanhemmuuden tukemisessa ja lasten kasvatukseen liittyviss\u00e4 [&hellip;]<\/p>\n","protected":false},"author":1,"featured_media":0,"parent":0,"menu_order":0,"comment_status":"closed","ping_status":"closed","template":"","meta":{"footnotes":""},"class_list":["post-1191","page","type-page","status-publish","hentry"],"_links":{"self":[{"href":"https:\/\/www.avaratmi.fi\/index.php\/wp-json\/wp\/v2\/pages\/1191","targetHints":{"allow":["GET"]}}],"collection":[{"href":"https:\/\/www.avaratmi.fi\/index.php\/wp-json\/wp\/v2\/pages"}],"about":[{"href":"https:\/\/www.avaratmi.fi\/index.php\/wp-json\/wp\/v2\/types\/page"}],"author":[{"embeddable":true,"href":"https:\/\/www.avaratmi.fi\/index.php\/wp-json\/wp\/v2\/users\/1"}],"replies":[{"embeddable":true,"href":"https:\/\/www.avaratmi.fi\/index.php\/wp-json\/wp\/v2\/comments?post=1191"}],"version-history":[{"count":22,"href":"https:\/\/www.avaratmi.fi\/index.php\/wp-json\/wp\/v2\/pages\/1191\/revisions"}],"predecessor-version":[{"id":1756,"href":"https:\/\/www.avaratmi.fi\/index.php\/wp-json\/wp\/v2\/pages\/1191\/revisions\/1756"}],"wp:attachment":[{"href":"https:\/\/www.avaratmi.fi\/index.php\/wp-json\/wp\/v2\/media?parent=1191"}],"curies":[{"name":"wp","href":"https:\/\/api.w.org\/{rel}","templated":true}]}}