{"id":1189,"date":"2024-12-13T17:34:45","date_gmt":"2024-12-13T17:34:45","guid":{"rendered":"https:\/\/www.avaratmi.fi\/?page_id=1189"},"modified":"2025-12-01T18:01:44","modified_gmt":"2025-12-01T18:01:44","slug":"tuettu-asuminen","status":"publish","type":"page","link":"https:\/\/www.avaratmi.fi\/index.php\/tuettu-asuminen\/","title":{"rendered":"Tuettu asuminen"},"content":{"rendered":"\t\t<div data-elementor-type=\"wp-page\" data-elementor-id=\"1189\" class=\"elementor elementor-1189\">\n\t\t\t\t<div class=\"elementor-element elementor-element-af14911 e-flex e-con-boxed e-con e-parent\" data-id=\"af14911\" data-element_type=\"container\" data-e-type=\"container\">\n\t\t\t\t\t<div class=\"e-con-inner\">\n\t\t<div class=\"elementor-element elementor-element-148496e e-con-full e-flex e-con e-child\" data-id=\"148496e\" data-element_type=\"container\" data-e-type=\"container\">\n\t\t\t\t<div class=\"elementor-element elementor-element-5a0d23c elementor-widget elementor-widget-image\" data-id=\"5a0d23c\" data-element_type=\"widget\" data-e-type=\"widget\" data-widget_type=\"image.default\">\n\t\t\t\t<div class=\"elementor-widget-container\">\n\t\t\t\t\t\t\t\t\t\t\t\t\t\t\t<img fetchpriority=\"high\" decoding=\"async\" width=\"800\" height=\"800\" src=\"https:\/\/www.avaratmi.fi\/wp-content\/uploads\/2024\/12\/tuettuasuminen-min-1024x1024.png\" class=\"attachment-large size-large wp-image-1335\" alt=\"\" srcset=\"https:\/\/www.avaratmi.fi\/wp-content\/uploads\/2024\/12\/tuettuasuminen-min-1024x1024.png 1024w, https:\/\/www.avaratmi.fi\/wp-content\/uploads\/2024\/12\/tuettuasuminen-min-300x300.png 300w, https:\/\/www.avaratmi.fi\/wp-content\/uploads\/2024\/12\/tuettuasuminen-min-150x150.png 150w, https:\/\/www.avaratmi.fi\/wp-content\/uploads\/2024\/12\/tuettuasuminen-min-768x768.png 768w, https:\/\/www.avaratmi.fi\/wp-content\/uploads\/2024\/12\/tuettuasuminen-min.png 1080w\" sizes=\"(max-width: 800px) 100vw, 800px\" \/>\t\t\t\t\t\t\t\t\t\t\t\t\t\t\t<\/div>\n\t\t\t\t<\/div>\n\t\t\t\t<\/div>\n\t\t<div class=\"elementor-element elementor-element-dcb26df e-con-full e-flex e-con e-child\" data-id=\"dcb26df\" data-element_type=\"container\" data-e-type=\"container\">\n\t\t\t\t<div class=\"elementor-element elementor-element-1151141 elementor-widget elementor-widget-text-editor\" data-id=\"1151141\" data-element_type=\"widget\" data-e-type=\"widget\" data-widget_type=\"text-editor.default\">\n\t\t\t\t<div class=\"elementor-widget-container\">\n\t\t\t\t\t\t\t\t\t<h2><b>Tuettu asuminen tarjoaa yksil\u00f6llist\u00e4 tukea ja ohjausta el\u00e4m\u00e4nhallintaan<\/b><\/h2><p>Tuettu asuminen on suunnattu henkil\u00f6ille, joiden el\u00e4m\u00e4nhallinta vaatii ohjausta. T\u00e4llaisiin tilanteisiin voi taustasta ja el\u00e4m\u00e4ntilanteesta riippuen olla useita syit\u00e4.<\/p><p>Tarjoamme ammattitaitoista ja l\u00e4mminhenkist\u00e4 tukea asiakkaille, jotka tarvitsevat apua arkisessa el\u00e4m\u00e4ss\u00e4\u00e4n ja asumisessaan. Kaikki palvelumme pohjautuvat yksil\u00f6lliseen suunnitelmaan, jossa huomioimme jokaisen asiakkaan erityistarpeet, rajoitteet ja tavoitteet.<\/p><p>\u00a0<\/p><h4><strong>Kenelle tuettu asuminen sopii?<\/strong><\/h4><p>Tuettu asuminen sopii asiakkaille ik\u00e4\u00e4n, sukupuoleen tai taustaan katsomatta, mik\u00e4li heid\u00e4n el\u00e4m\u00e4ntilanteensa ja toimintakykyns\u00e4 edellytt\u00e4v\u00e4t asumiseen liittyv\u00e4\u00e4 tukea. Tuettu asuminen palvelee erityisesti:<\/p><ul><li>Henkil\u00f6it\u00e4, joilla on neuropsykiatrisia erityispiirteit\u00e4, kuten ADHD:n tai autismin kanssa el\u00e4vi\u00e4 asiakkaita, jotka hy\u00f6tyv\u00e4t arjen rakenteellisuudesta.<\/li><li>Mielenterveys- ja p\u00e4ihdekuntoutujia, eli asiakkaita jotka tarvitsevat apua el\u00e4m\u00e4ns\u00e4 ja arkensa hallinnassa sek\u00e4 kuntoutumisensa tukemisessa<\/li><li>Maahanmuuttajataustaisia henkil\u00f6it\u00e4, jotka tarvitsevat opastusta suomalaiseen palveluj\u00e4rjestelm\u00e4\u00e4n, kulttuuriin ja yhteiskuntaan integroitumisessa<\/li><li>Vanhuksia, jotka tarvitsevat apua arjen askareissa ja itsen\u00e4isess\u00e4 asumisessa toimintakyvyn heikentymisen vuoksi pysty\u00e4kseen asumaan omassa kodissaan mahdollisimman pitk\u00e4\u00e4n<\/li><li>Nuoria ja aikuisia, jotka harjoittelevat itsen\u00e4ist\u00e4 asumista, kuten itsen\u00e4istym\u00e4ss\u00e4 olevia nuoria, joille arjen taidot ja vastuunkanto ovat hankalia<\/li><\/ul><h4><br \/><strong>Mit\u00e4 tuettu asuminen sis\u00e4lt\u00e4\u00e4?<\/strong><\/h4><p>Tuetun asumisen tavoitteena on mahdollistaa asiakkaalle itsen\u00e4inen ja turvallinen el\u00e4m\u00e4 sek\u00e4 mahdollisimman hyvin toimiva arki. Palvelumme sis\u00e4lt\u00e4v\u00e4t esimerkiksi:<\/p><ul><li>Arjen hallinnan tukemista kuten ruoanlaiton, kodinhoidon ja raha-asioiden hoitamista<\/li><li>Henkist\u00e4 ja sosiaalista tukea keskustellen, mielenterveytt\u00e4 tukien ja yhteis\u00f6llisen tunteen vahvistamista<\/li><li>Tarvittavaa yhteydenpitoa viranomaisiin ja palveluihin, esimerkiksi apua hakemusten ja asiointien kanssa<\/li><li>Yksil\u00f6llisi\u00e4 tavoitteita, joiden saavuttaminen auttaa asiakasta kohti parempaa el\u00e4m\u00e4nhallintaa konkreettisilla tavoilla<\/li><\/ul><p>\u00a0<\/p><h4><strong>Mik\u00e4 tuetun asumisen tavoitteena on?<\/strong><\/h4><p>Palvelun suunnittelu l\u00e4htee aina asiakkaan yksil\u00f6llisist\u00e4 tarpeista ja toiveista. Teemme tiiviisti yhteisty\u00f6t\u00e4 asiakkaan, h\u00e4nen l\u00e4heistens\u00e4 sek\u00e4 tarvittaessa muiden ammattilaisten kanssa, jotta tuettu asuminen olisi mahdollisimman kokonaisvaltaista ja asiakkaan el\u00e4m\u00e4ntilannetta edist\u00e4v\u00e4\u00e4.<span class=\"Apple-converted-space\">\u00a0<\/span><\/p><p>Tavoitteena on mahdollisuuksien mukaan edist\u00e4\u00e4 asiakkaan itsen\u00e4isyytt\u00e4 ja toimintakyky\u00e4 omassa arjessaan. T\u00e4h\u00e4n voi liitty\u00e4 k\u00e4yt\u00e4nn\u00f6n konkreettista apua, kuten kodin siivoukseen opastusta tai henkist\u00e4 tukea, kuten sosiaalisten taitojen ja itsevarmuuden kehitt\u00e4mist\u00e4.<\/p><p>Suunnittelemme jokaiselle asiakkaalle yksil\u00f6lliset tavoitteet, jotka tukevat h\u00e4nen hyvinvointiaan ja kohentavat h\u00e4nen el\u00e4m\u00e4nlaatuaan.<span class=\"Apple-converted-space\">\u00a0<\/span><\/p><p>\u00a0<\/p><h4><em><strong>Ota yhteytt\u00e4 niin rakennetaan sinulle sujuva arki!<\/strong><\/em><\/h4>\t\t\t\t\t\t\t\t<\/div>\n\t\t\t\t<\/div>\n\t\t\t\t<\/div>\n\t\t\t\t\t<\/div>\n\t\t\t\t<\/div>\n\t\t<div class=\"elementor-element elementor-element-b202fe0 e-flex e-con-boxed e-con e-parent\" data-id=\"b202fe0\" data-element_type=\"container\" data-e-type=\"container\">\n\t\t\t\t\t<div class=\"e-con-inner\">\n\t\t<div class=\"elementor-element elementor-element-676ba98 e-con-full e-flex e-con e-child\" data-id=\"676ba98\" data-element_type=\"container\" data-e-type=\"container\">\n\t\t\t\t<div class=\"elementor-element elementor-element-024b8cd elementor-widget elementor-widget-image\" data-id=\"024b8cd\" data-element_type=\"widget\" data-e-type=\"widget\" data-widget_type=\"image.default\">\n\t\t\t\t<div class=\"elementor-widget-container\">\n\t\t\t\t\t\t\t\t\t\t\t\t\t\t\t<img decoding=\"async\" width=\"800\" height=\"457\" src=\"https:\/\/www.avaratmi.fi\/wp-content\/uploads\/2025\/11\/avara_kayntikortti-1024x585.png\" class=\"attachment-large size-large wp-image-1668\" alt=\"\" srcset=\"https:\/\/www.avaratmi.fi\/wp-content\/uploads\/2025\/11\/avara_kayntikortti-1024x585.png 1024w, https:\/\/www.avaratmi.fi\/wp-content\/uploads\/2025\/11\/avara_kayntikortti-300x171.png 300w, https:\/\/www.avaratmi.fi\/wp-content\/uploads\/2025\/11\/avara_kayntikortti-768x439.png 768w, https:\/\/www.avaratmi.fi\/wp-content\/uploads\/2025\/11\/avara_kayntikortti.png 1050w\" sizes=\"(max-width: 800px) 100vw, 800px\" \/>\t\t\t\t\t\t\t\t\t\t\t\t\t\t\t<\/div>\n\t\t\t\t<\/div>\n\t\t\t\t<\/div>\n\t\t<div class=\"elementor-element elementor-element-5277c63 e-con-full e-flex e-con e-child\" data-id=\"5277c63\" data-element_type=\"container\" data-e-type=\"container\">\n\t\t\t\t<div class=\"elementor-element elementor-element-6c4f611 elementor-widget elementor-widget-wpforms\" data-id=\"6c4f611\" data-element_type=\"widget\" data-e-type=\"widget\" data-widget_type=\"wpforms.default\">\n\t\t\t\t<div class=\"elementor-widget-container\">\n\t\t\t\t\t<div class=\"wpforms-container \" id=\"wpforms-12\"><form id=\"wpforms-form-12\" class=\"wpforms-validate wpforms-form\" data-formid=\"12\" method=\"post\" enctype=\"multipart\/form-data\" action=\"\/index.php\/wp-json\/wp\/v2\/pages\/1189\" data-token=\"34199925235a560af7d866ab0e09b4b3\" data-token-time=\"1777139677\"><noscript class=\"wpforms-error-noscript\">Please enable JavaScript in your browser to complete this form.<\/noscript><div class=\"wpforms-field-container\"><div id=\"wpforms-12-field_5-container\" class=\"wpforms-field wpforms-field-name\" data-field-id=\"5\"><label class=\"wpforms-field-label\" for=\"wpforms-12-field_5\">Nimi <span class=\"wpforms-required-label\">*<\/span><\/label><input type=\"text\" id=\"wpforms-12-field_5\" class=\"wpforms-field-medium wpforms-field-required\" name=\"wpforms[fields][5]\" required><\/div><div id=\"wpforms-12-field_4-container\" class=\"wpforms-field wpforms-field-email\" data-field-id=\"4\"><label class=\"wpforms-field-label\" for=\"wpforms-12-field_4\">S\u00e4hk\u00f6posti <span class=\"wpforms-required-label\">*<\/span><\/label><input type=\"email\" id=\"wpforms-12-field_4\" class=\"wpforms-field-large wpforms-field-required\" name=\"wpforms[fields][4]\" spellcheck=\"false\" required><\/div><div id=\"wpforms-12-field_2-container\" class=\"wpforms-field wpforms-field-textarea\" data-field-id=\"2\"><label class=\"wpforms-field-label\" for=\"wpforms-12-field_2\">Viesti <span class=\"wpforms-required-label\">*<\/span><\/label><textarea id=\"wpforms-12-field_2\" class=\"wpforms-field-small wpforms-field-required\" name=\"wpforms[fields][2]\" required><\/textarea><\/div><\/div><!-- .wpforms-field-container --><div class=\"wpforms-recaptcha-container wpforms-is-recaptcha wpforms-is-recaptcha-type-v2\" ><div class=\"g-recaptcha\" data-sitekey=\"6Lfj4JoqAAAAAG2upywSKmNpkCfmmYhBUjhcPm4k\"><\/div><input type=\"text\" name=\"g-recaptcha-hidden\" class=\"wpforms-recaptcha-hidden\" style=\"position:absolute!important;clip:rect(0,0,0,0)!important;height:1px!important;width:1px!important;border:0!important;overflow:hidden!important;padding:0!important;margin:0!important;\" data-rule-recaptcha=\"1\"><\/div><div class=\"wpforms-submit-container\" ><input type=\"hidden\" name=\"wpforms[id]\" value=\"12\"><input type=\"hidden\" name=\"page_title\" value=\"\"><input type=\"hidden\" name=\"page_url\" value=\"https:\/\/www.avaratmi.fi\/index.php\/wp-json\/wp\/v2\/pages\/1189\"><input type=\"hidden\" name=\"url_referer\" value=\"\"><button type=\"submit\" name=\"wpforms[submit]\" id=\"wpforms-submit-12\" class=\"wpforms-submit\" data-alt-text=\"L\u00e4hetet\u00e4\u00e4n...\" data-submit-text=\"L\u00e4het\u00e4 viesti\" aria-live=\"assertive\" value=\"wpforms-submit\">L\u00e4het\u00e4 viesti<\/button><\/div><\/form><\/div>  <!-- .wpforms-container -->\t\t\t\t<\/div>\n\t\t\t\t<\/div>\n\t\t\t\t<\/div>\n\t\t\t\t\t<\/div>\n\t\t\t\t<\/div>\n\t\t<div class=\"elementor-element elementor-element-1a4da00 e-flex e-con-boxed e-con e-parent\" data-id=\"1a4da00\" data-element_type=\"container\" data-e-type=\"container\">\n\t\t\t\t\t<div class=\"e-con-inner\">\n\t\t\t\t<div class=\"elementor-element elementor-element-b36b298 elementor-widget elementor-widget-spacer\" data-id=\"b36b298\" data-element_type=\"widget\" data-e-type=\"widget\" data-widget_type=\"spacer.default\">\n\t\t\t\t<div class=\"elementor-widget-container\">\n\t\t\t\t\t\t\t<div class=\"elementor-spacer\">\n\t\t\t<div class=\"elementor-spacer-inner\"><\/div>\n\t\t<\/div>\n\t\t\t\t\t\t<\/div>\n\t\t\t\t<\/div>\n\t\t\t\t\t<\/div>\n\t\t\t\t<\/div>\n\t\t<div class=\"elementor-element elementor-element-ccafd9d e-flex e-con-boxed e-con e-parent\" data-id=\"ccafd9d\" data-element_type=\"container\" data-e-type=\"container\">\n\t\t\t\t\t<div class=\"e-con-inner\">\n\t\t\t\t<div class=\"elementor-element elementor-element-c042470 elementor-widget elementor-widget-text-editor\" data-id=\"c042470\" data-element_type=\"widget\" data-e-type=\"widget\" data-widget_type=\"text-editor.default\">\n\t\t\t\t<div class=\"elementor-widget-container\">\n\t\t\t\t\t\t\t\t\t\u00a9 Avara Tukipalvelut Tmi 2026. Y-tunnus: 3347749-7. Kaikki oikeudet pid\u00e4tet\u00e4\u00e4n. Sivuston teki <a href=\"https:\/\/www.gritngems.com\" target=\"_blank\" rel=\"noopener\">Grit n Gems<\/a>.\t\t\t\t\t\t\t\t<\/div>\n\t\t\t\t<\/div>\n\t\t\t\t\t<\/div>\n\t\t\t\t<\/div>\n\t\t\t\t<\/div>\n\t\t","protected":false},"excerpt":{"rendered":"<p>Tuettu asuminen tarjoaa yksil\u00f6llist\u00e4 tukea ja ohjausta el\u00e4m\u00e4nhallintaan Tuettu asuminen on suunnattu henkil\u00f6ille, joiden el\u00e4m\u00e4nhallinta vaatii ohjausta. T\u00e4llaisiin tilanteisiin voi taustasta ja el\u00e4m\u00e4ntilanteesta riippuen olla useita syit\u00e4. Tarjoamme ammattitaitoista ja l\u00e4mminhenkist\u00e4 tukea asiakkaille, jotka tarvitsevat apua arkisessa el\u00e4m\u00e4ss\u00e4\u00e4n ja asumisessaan. Kaikki palvelumme pohjautuvat yksil\u00f6lliseen suunnitelmaan, jossa huomioimme jokaisen asiakkaan erityistarpeet, rajoitteet ja tavoitteet. \u00a0 Kenelle [&hellip;]<\/p>\n","protected":false},"author":1,"featured_media":0,"parent":0,"menu_order":0,"comment_status":"closed","ping_status":"closed","template":"","meta":{"footnotes":""},"class_list":["post-1189","page","type-page","status-publish","hentry"],"_links":{"self":[{"href":"https:\/\/www.avaratmi.fi\/index.php\/wp-json\/wp\/v2\/pages\/1189","targetHints":{"allow":["GET"]}}],"collection":[{"href":"https:\/\/www.avaratmi.fi\/index.php\/wp-json\/wp\/v2\/pages"}],"about":[{"href":"https:\/\/www.avaratmi.fi\/index.php\/wp-json\/wp\/v2\/types\/page"}],"author":[{"embeddable":true,"href":"https:\/\/www.avaratmi.fi\/index.php\/wp-json\/wp\/v2\/users\/1"}],"replies":[{"embeddable":true,"href":"https:\/\/www.avaratmi.fi\/index.php\/wp-json\/wp\/v2\/comments?post=1189"}],"version-history":[{"count":22,"href":"https:\/\/www.avaratmi.fi\/index.php\/wp-json\/wp\/v2\/pages\/1189\/revisions"}],"predecessor-version":[{"id":1753,"href":"https:\/\/www.avaratmi.fi\/index.php\/wp-json\/wp\/v2\/pages\/1189\/revisions\/1753"}],"wp:attachment":[{"href":"https:\/\/www.avaratmi.fi\/index.php\/wp-json\/wp\/v2\/media?parent=1189"}],"curies":[{"name":"wp","href":"https:\/\/api.w.org\/{rel}","templated":true}]}}